{"id":3010,"date":"2026-03-16T14:22:10","date_gmt":"2026-03-16T14:22:10","guid":{"rendered":"https:\/\/www.cotaxi.com.co\/?page_id=3010"},"modified":"2026-03-16T15:59:42","modified_gmt":"2026-03-16T15:59:42","slug":"cupo","status":"publish","type":"page","link":"https:\/\/www.cotaxi.com.co\/index.php\/cupo\/","title":{"rendered":"cupo"},"content":{"rendered":"\t\t<div data-elementor-type=\"wp-page\" data-elementor-id=\"3010\" class=\"elementor elementor-3010\" data-elementor-settings=\"[]\">\n\t\t\t\t\t\t\t<div class=\"elementor-section-wrap\">\n\t\t\t\t\t\t\t<section class=\"elementor-section elementor-top-section elementor-element elementor-element-a0cd2d9 elementor-section-height-min-height elementor-section-content-middle elementor-section-boxed elementor-section-height-default elementor-section-items-middle\" data-id=\"a0cd2d9\" data-element_type=\"section\" data-settings=\"{&quot;background_background&quot;:&quot;classic&quot;}\">\n\t\t\t\t\t\t\t<div class=\"elementor-background-overlay\"><\/div>\n\t\t\t\t\t\t\t<div class=\"elementor-container elementor-column-gap-default\">\n\t\t\t\t\t<div class=\"elementor-column elementor-col-100 elementor-top-column elementor-element elementor-element-0c9f3fe\" data-id=\"0c9f3fe\" data-element_type=\"column\">\n\t\t\t<div class=\"elementor-widget-wrap elementor-element-populated\">\n\t\t\t\t\t\t\t\t<div class=\"elementor-element elementor-element-91e2ed7 elementor-widget elementor-widget-heading\" data-id=\"91e2ed7\" data-element_type=\"widget\" data-widget_type=\"heading.default\">\n\t\t\t\t<div class=\"elementor-widget-container\">\n\t\t\t<h2 class=\"elementor-heading-title elementor-size-xxl\">Cupo combustible<\/h2>\t\t<\/div>\n\t\t\t\t<\/div>\n\t\t\t\t\t<\/div>\n\t\t<\/div>\n\t\t\t\t\t\t\t<\/div>\n\t\t<\/section>\n\t\t\t\t<section class=\"elementor-section elementor-top-section elementor-element elementor-element-cc2b382 elementor-section-boxed elementor-section-height-default elementor-section-height-default\" data-id=\"cc2b382\" data-element_type=\"section\">\n\t\t\t\t\t\t\t<div class=\"elementor-background-overlay\"><\/div>\n\t\t\t\t\t\t\t<div class=\"elementor-container elementor-column-gap-default\">\n\t\t\t\t\t<div class=\"elementor-column elementor-col-100 elementor-top-column elementor-element elementor-element-d207167\" data-id=\"d207167\" data-element_type=\"column\">\n\t\t\t<div class=\"elementor-widget-wrap elementor-element-populated\">\n\t\t\t\t\t\t\t\t<div class=\"elementor-element elementor-element-519ef4a elementor-widget elementor-widget-html\" data-id=\"519ef4a\" data-element_type=\"widget\" data-widget_type=\"html.default\">\n\t\t\t\t<div class=\"elementor-widget-container\">\n\t\t\t<script src=\"https:\/\/www.google.com\/recaptcha\/api.js\" async defer><\/script>\r\n\r\n<div style=\"max-width:400px;margin:auto;text-align:center\">\r\n\r\n<h2>Consulta de cupo<\/h2>\r\n\r\n<input type=\"text\" id=\"nit\" placeholder=\"Ingrese NIT\" style=\"width:100%;padding:10px;margin:5px\">\r\n\r\n<input type=\"password\" id=\"clave\" placeholder=\"Contrase\u00f1a\" style=\"width:100%;padding:10px;margin:5px\">\r\n\r\n<br>\r\n\r\n<div class=\"g-recaptcha\" data-sitekey=\"6LdicIwsAAAAAPyXspiVRVOlpDng9e_lOQ_SlwuF\"><\/div>\r\n\r\n<br>\r\n\r\n<button onclick=\"consultarCupo()\" style=\"padding:10px 20px\">\r\nConsultar\r\n<\/button>\r\n\r\n<br><br>\r\n\r\n<div id=\"resultado\"><\/div>\r\n\r\n<\/div>\r\n\r\n<script>\r\n\r\nfunction consultarCupo(){\r\n\r\nlet nit = document.getElementById(\"nit\").value;\r\nlet clave = document.getElementById(\"clave\").value;\r\n\r\nlet captcha = grecaptcha.getResponse();\r\n\r\nif(captcha.length === 0){\r\n\r\nalert(\"Por favor valide el captcha\");\r\n\r\nreturn;\r\n\r\n}\r\n\r\nfetch(\"\/api-cupo.php?nit=\" + nit + \"&clave=\" + clave + \"&captcha=\" + captcha)\r\n\r\n.then(res => res.json())\r\n\r\n.then(data => {\r\n\r\nif(data.error){\r\n\r\ndocument.getElementById(\"resultado\").innerHTML =\r\n\"<span style='color:red'>\" + data.error + \"<\/span>\";\r\n\r\nreturn;\r\n\r\n}\r\n\r\ndocument.getElementById(\"resultado\").innerHTML = `\r\n<h3>${data.cliente}<\/h3>\r\n<p>NIT: ${data.nit}<\/p>\r\n<p>Cupo asignado: $${Number(data.cupoAsignado).toLocaleString()}<\/p>\r\n<h2 style=\"color:green\">Cupo disponible: $${Number(data.cupoDisponible).toLocaleString()}<\/h2>\r\n`;\r\n\r\n});\r\n\r\n}\r\n\r\n<\/script>\t\t<\/div>\n\t\t\t\t<\/div>\n\t\t\t\t\t<\/div>\n\t\t<\/div>\n\t\t\t\t\t\t\t<\/div>\n\t\t<\/section>\n\t\t\t\t<section class=\"elementor-section elementor-top-section elementor-element elementor-element-957bd8b elementor-section-content-middle elementor-section-height-min-height elementor-section-boxed elementor-section-height-default elementor-section-items-middle\" data-id=\"957bd8b\" data-element_type=\"section\" data-settings=\"{&quot;background_background&quot;:&quot;classic&quot;}\">\n\t\t\t\t\t\t<div class=\"elementor-container elementor-column-gap-no\">\n\t\t\t\t\t<div class=\"elementor-column elementor-col-20 elementor-top-column elementor-element elementor-element-8117a8c\" data-id=\"8117a8c\" data-element_type=\"column\">\n\t\t\t<div class=\"elementor-widget-wrap elementor-element-populated\">\n\t\t\t\t\t\t\t\t<div class=\"elementor-element elementor-element-7641bee elementor-widget elementor-widget-image\" data-id=\"7641bee\" data-element_type=\"widget\" data-widget_type=\"image.default\">\n\t\t\t\t<div class=\"elementor-widget-container\">\n\t\t\t\t\t\t\t\t\t\t\t\t\t\t\t\t<a href=\"https:\/\/www.cotaxi.com.co\/\" target=\"_blank\">\n\t\t\t\t\t\t\t<img width=\"150\" height=\"150\" src=\"https:\/\/www.cotaxi.com.co\/wp-content\/uploads\/2024\/01\/perfil-wsp-cotaxi-2024-150x150.png\" class=\"attachment-thumbnail size-thumbnail\" alt=\"\" loading=\"lazy\" srcset=\"https:\/\/www.cotaxi.com.co\/wp-content\/uploads\/2024\/01\/perfil-wsp-cotaxi-2024-150x150.png 150w, https:\/\/www.cotaxi.com.co\/wp-content\/uploads\/2024\/01\/perfil-wsp-cotaxi-2024-300x300.png 300w, https:\/\/www.cotaxi.com.co\/wp-content\/uploads\/2024\/01\/perfil-wsp-cotaxi-2024-1024x1024.png 1024w, https:\/\/www.cotaxi.com.co\/wp-content\/uploads\/2024\/01\/perfil-wsp-cotaxi-2024-768x768.png 768w, https:\/\/www.cotaxi.com.co\/wp-content\/uploads\/2024\/01\/perfil-wsp-cotaxi-2024.png 1080w\" sizes=\"(max-width: 150px) 100vw, 150px\" \/>\t\t\t\t\t\t\t\t<\/a>\n\t\t\t\t\t\t\t\t\t\t\t\t\t\t\t<\/div>\n\t\t\t\t<\/div>\n\t\t\t\t\t<\/div>\n\t\t<\/div>\n\t\t\t\t<div class=\"elementor-column elementor-col-20 elementor-top-column elementor-element elementor-element-de0ed3e\" data-id=\"de0ed3e\" data-element_type=\"column\">\n\t\t\t<div class=\"elementor-widget-wrap elementor-element-populated\">\n\t\t\t\t\t\t\t\t<div class=\"elementor-element elementor-element-864763f elementor-widget elementor-widget-heading\" data-id=\"864763f\" data-element_type=\"widget\" data-widget_type=\"heading.default\">\n\t\t\t\t<div class=\"elementor-widget-container\">\n\t\t\t<h5 class=\"elementor-heading-title elementor-size-default\">Sobre Cotaxi<\/h5>\t\t<\/div>\n\t\t\t\t<\/div>\n\t\t\t\t<div class=\"elementor-element elementor-element-0457915 elementor-widget elementor-widget-text-editor\" data-id=\"0457915\" data-element_type=\"widget\" data-widget_type=\"text-editor.default\">\n\t\t\t\t<div class=\"elementor-widget-container\">\n\t\t\t\t\t\t\t\t<p><a href=\"https:\/\/www.cotaxi.com.co\/index.php\/facilities\/\" target=\"_blank\" rel=\"noopener\">Qui\u00e9nes somos<\/a><\/p><p><a href=\"https:\/\/www.cotaxi.com.co\/index.php\/facilities\/\" target=\"_blank\" rel=\"noopener\">Historia<\/a><\/p><p><a href=\"https:\/\/www.cotaxi.com.co\/index.php\/facilities\/\" target=\"_blank\" rel=\"noopener\">Misi\u00f3n y Visi\u00f3n<\/a><\/p><p><a href=\"https:\/\/www.cotaxi.com.co\/wp-content\/uploads\/2025\/02\/icontec-2025.pdf\" target=\"_blank\" rel=\"noopener\">Certificaciones<\/a><\/p>\t\t\t\t\t\t<\/div>\n\t\t\t\t<\/div>\n\t\t\t\t\t<\/div>\n\t\t<\/div>\n\t\t\t\t<div class=\"elementor-column elementor-col-20 elementor-top-column elementor-element elementor-element-39537c9\" data-id=\"39537c9\" data-element_type=\"column\">\n\t\t\t<div class=\"elementor-widget-wrap elementor-element-populated\">\n\t\t\t\t\t\t\t\t<div class=\"elementor-element elementor-element-d8254cc elementor-widget elementor-widget-heading\" data-id=\"d8254cc\" data-element_type=\"widget\" data-widget_type=\"heading.default\">\n\t\t\t\t<div class=\"elementor-widget-container\">\n\t\t\t<h5 class=\"elementor-heading-title elementor-size-default\">Atenci\u00f3n al Usuario<\/h5>\t\t<\/div>\n\t\t\t\t<\/div>\n\t\t\t\t<div class=\"elementor-element elementor-element-548dc96 elementor-widget elementor-widget-text-editor\" data-id=\"548dc96\" data-element_type=\"widget\" data-widget_type=\"text-editor.default\">\n\t\t\t\t<div class=\"elementor-widget-container\">\n\t\t\t\t\t\t\t\t<p><a href=\"https:\/\/www.cotaxi.com.co\/wp-content\/uploads\/2024\/01\/oficinas_cotaxi.pdf\" target=\"_blank\" rel=\"noopener\">Oficinas y puntos de atenci\u00f3n<\/a><\/p><p><a href=\"mailto:pqr@cotaxi.com.co\" target=\"_blank\" rel=\"noopener\">Email: pqr@cotaxi.com.co<\/a><\/p><p><a href=\"https:\/\/wa.me\/573125953928?text=Hola\" target=\"_blank\" rel=\"noopener\">Atenci\u00f3n al usuario: 312 5953928<\/a><\/p><p><a href=\"https:\/\/silogcotaxierp.serviciosproductivos.com.co\/Pqr_mod\/pqr_web.php\" target=\"_blank\" rel=\"noopener\">Formulario de PQRS<\/a><\/p>\t\t\t\t\t\t<\/div>\n\t\t\t\t<\/div>\n\t\t\t\t\t<\/div>\n\t\t<\/div>\n\t\t\t\t<div class=\"elementor-column elementor-col-20 elementor-top-column elementor-element elementor-element-f3bf9ce\" data-id=\"f3bf9ce\" data-element_type=\"column\">\n\t\t\t<div class=\"elementor-widget-wrap elementor-element-populated\">\n\t\t\t\t\t\t\t\t<div class=\"elementor-element elementor-element-750e823 elementor-widget elementor-widget-heading\" data-id=\"750e823\" data-element_type=\"widget\" data-widget_type=\"heading.default\">\n\t\t\t\t<div class=\"elementor-widget-container\">\n\t\t\t<h5 class=\"elementor-heading-title elementor-size-default\">Formatos y Documentos<\/h5>\t\t<\/div>\n\t\t\t\t<\/div>\n\t\t\t\t<div class=\"elementor-element elementor-element-ccbc355 elementor-widget elementor-widget-text-editor\" data-id=\"ccbc355\" data-element_type=\"widget\" data-widget_type=\"text-editor.default\">\n\t\t\t\t<div class=\"elementor-widget-container\">\n\t\t\t\t\t\t\t\t<p><a href=\"https:\/\/erpcotaxi.sitransas.com.co\/registers\" target=\"_blank\" rel=\"noopener\">Registro de clientes<\/a><\/p><p><a href=\"https:\/\/www.cotaxi.com.co\/index.php\/privacy-policy\/\" target=\"_blank\" rel=\"noopener\">Tratamiento de datos<\/a><\/p><p><a href=\"https:\/\/www.cotaxi.com.co\/wp-content\/uploads\/2024\/05\/AUTORIZACION-VIAJE-NINOS-ADOLESCENTES.pdf\" target=\"_blank\" rel=\"noopener\">Autorizaci\u00f3n de viaje para menores de edad<\/a><\/p><p><a href=\"https:\/\/www.cotaxi.com.co\/index.php\/rezagos\/\" target=\"_blank\" rel=\"noopener\">Rezagos<\/a><\/p>\t\t\t\t\t\t<\/div>\n\t\t\t\t<\/div>\n\t\t\t\t\t<\/div>\n\t\t<\/div>\n\t\t\t\t<div class=\"elementor-column elementor-col-20 elementor-top-column elementor-element elementor-element-f42f95b\" data-id=\"f42f95b\" data-element_type=\"column\">\n\t\t\t<div class=\"elementor-widget-wrap elementor-element-populated\">\n\t\t\t\t\t\t\t\t<div class=\"elementor-element elementor-element-6463e57 elementor-widget elementor-widget-heading\" data-id=\"6463e57\" data-element_type=\"widget\" data-widget_type=\"heading.default\">\n\t\t\t\t<div class=\"elementor-widget-container\">\n\t\t\t<h5 class=\"elementor-heading-title elementor-size-default\">Pol\u00edticas<\/h5>\t\t<\/div>\n\t\t\t\t<\/div>\n\t\t\t\t<div class=\"elementor-element elementor-element-8f3ab93 elementor-widget elementor-widget-text-editor\" data-id=\"8f3ab93\" data-element_type=\"widget\" data-widget_type=\"text-editor.default\">\n\t\t\t\t<div class=\"elementor-widget-container\">\n\t\t\t\t\t\t\t\t<p><a href=\"https:\/\/www.cotaxi.com.co\/wp-content\/uploads\/2025\/10\/CONTRATO_TRANSPORTE_PASAJEROS.pdf\" target=\"_blank\" rel=\"noopener\">Contrato de transporte<\/a><\/p><p><a href=\"https:\/\/www.cotaxi.com.co\/wp-content\/uploads\/2025\/08\/PO-RAN-01-Politica-de-transporte-de-mascotas-REV.pdf\" target=\"_blank\" rel=\"noopener\">Pol\u00edtica transporte de mascotas<\/a><\/p><p><a href=\"https:\/\/www.cotaxi.com.co\/wp-content\/uploads\/2025\/08\/PO-RAN-02-Politica-y-recomendaciones-para-transporte-de-menores-de-edad-REV.pdf\" target=\"_blank\" rel=\"noopener\">Pol\u00edtica transporte menores de edad<\/a><\/p><p><a href=\"https:\/\/www.cotaxi.com.co\/wp-content\/uploads\/2025\/10\/POLITICA-DEL-SGI.pdf\" target=\"_blank\" rel=\"noopener\">Pol\u00edtica de calidad<\/a><\/p>\t\t\t\t\t\t<\/div>\n\t\t\t\t<\/div>\n\t\t\t\t\t<\/div>\n\t\t<\/div>\n\t\t\t\t\t\t\t<\/div>\n\t\t<\/section>\n\t\t\t\t\t\t<\/div>\n\t\t\t\t\t<\/div>\n\t\t","protected":false},"excerpt":{"rendered":"<p>Cupo combustible Consulta de cupo Consultar Sobre Cotaxi Qui\u00e9nes somos Historia Misi\u00f3n y Visi\u00f3n Certificaciones Atenci\u00f3n al Usuario Oficinas y puntos de atenci\u00f3n Email: pqr@cotaxi.com.co Atenci\u00f3n al usuario: 312 5953928 Formulario de PQRS Formatos y Documentos Registro de clientes Tratamiento de datos Autorizaci\u00f3n de viaje para menores de edad Rezagos Pol\u00edticas Contrato de transporte Pol\u00edtica &hellip;<\/p>\n<p class=\"read-more\"> <a class=\"\" href=\"https:\/\/www.cotaxi.com.co\/index.php\/cupo\/\"> <span class=\"screen-reader-text\">cupo<\/span> Leer m\u00e1s &raquo;<\/a><\/p>\n","protected":false},"author":3,"featured_media":0,"parent":0,"menu_order":0,"comment_status":"closed","ping_status":"closed","template":"","meta":[],"_links":{"self":[{"href":"https:\/\/www.cotaxi.com.co\/index.php\/wp-json\/wp\/v2\/pages\/3010"}],"collection":[{"href":"https:\/\/www.cotaxi.com.co\/index.php\/wp-json\/wp\/v2\/pages"}],"about":[{"href":"https:\/\/www.cotaxi.com.co\/index.php\/wp-json\/wp\/v2\/types\/page"}],"author":[{"embeddable":true,"href":"https:\/\/www.cotaxi.com.co\/index.php\/wp-json\/wp\/v2\/users\/3"}],"replies":[{"embeddable":true,"href":"https:\/\/www.cotaxi.com.co\/index.php\/wp-json\/wp\/v2\/comments?post=3010"}],"version-history":[{"count":29,"href":"https:\/\/www.cotaxi.com.co\/index.php\/wp-json\/wp\/v2\/pages\/3010\/revisions"}],"predecessor-version":[{"id":3043,"href":"https:\/\/www.cotaxi.com.co\/index.php\/wp-json\/wp\/v2\/pages\/3010\/revisions\/3043"}],"wp:attachment":[{"href":"https:\/\/www.cotaxi.com.co\/index.php\/wp-json\/wp\/v2\/media?parent=3010"}],"curies":[{"name":"wp","href":"https:\/\/api.w.org\/{rel}","templated":true}]}}