{"id":293,"date":"2020-07-20T08:48:44","date_gmt":"2020-07-20T08:48:44","guid":{"rendered":"https:\/\/www.cotaxi.com.co\/index.php\/facilities\/"},"modified":"2025-12-04T20:06:58","modified_gmt":"2025-12-04T20:06:58","slug":"empresa","status":"publish","type":"page","link":"https:\/\/www.cotaxi.com.co\/index.php\/empresa\/","title":{"rendered":"Empresa"},"content":{"rendered":"\t\t<div data-elementor-type=\"wp-page\" data-elementor-id=\"293\" class=\"elementor elementor-293\" data-elementor-settings=\"[]\">\n\t\t\t\t\t\t\t<div class=\"elementor-section-wrap\">\n\t\t\t\t\t\t\t<section class=\"elementor-section elementor-top-section elementor-element elementor-element-fbd6343 elementor-section-boxed elementor-section-height-default elementor-section-height-default\" data-id=\"fbd6343\" data-element_type=\"section\" data-settings=\"{&quot;background_background&quot;:&quot;classic&quot;}\">\n\t\t\t\t\t\t\t<div class=\"elementor-background-overlay\"><\/div>\n\t\t\t\t\t\t\t<div class=\"elementor-container elementor-column-gap-no\">\n\t\t\t\t\t<div class=\"elementor-column elementor-col-100 elementor-top-column elementor-element elementor-element-cfbfd48\" data-id=\"cfbfd48\" data-element_type=\"column\">\n\t\t\t<div class=\"elementor-widget-wrap elementor-element-populated\">\n\t\t\t\t\t\t\t\t<div class=\"elementor-element elementor-element-3c1950b elementor-widget elementor-widget-heading\" data-id=\"3c1950b\" data-element_type=\"widget\" data-widget_type=\"heading.default\">\n\t\t\t\t<div class=\"elementor-widget-container\">\n\t\t\t<h1 class=\"elementor-heading-title elementor-size-default\">\u00bfQui\u00e9nes Somos?<\/h1>\t\t<\/div>\n\t\t\t\t<\/div>\n\t\t\t\t\t<\/div>\n\t\t<\/div>\n\t\t\t\t\t\t\t<\/div>\n\t\t<\/section>\n\t\t\t\t<section class=\"elementor-section elementor-top-section elementor-element elementor-element-fd8071a elementor-section-boxed elementor-section-height-default elementor-section-height-default\" data-id=\"fd8071a\" data-element_type=\"section\" data-settings=\"{&quot;background_background&quot;:&quot;classic&quot;,&quot;background_motion_fx_motion_fx_scrolling&quot;:&quot;yes&quot;,&quot;background_motion_fx_translateY_effect&quot;:&quot;yes&quot;,&quot;background_motion_fx_opacity_effect&quot;:&quot;yes&quot;,&quot;background_motion_fx_blur_effect&quot;:&quot;yes&quot;,&quot;background_motion_fx_translateY_speed&quot;:{&quot;unit&quot;:&quot;px&quot;,&quot;size&quot;:4,&quot;sizes&quot;:[]},&quot;background_motion_fx_translateY_affectedRange&quot;:{&quot;unit&quot;:&quot;%&quot;,&quot;size&quot;:&quot;&quot;,&quot;sizes&quot;:{&quot;start&quot;:0,&quot;end&quot;:100}},&quot;background_motion_fx_opacity_direction&quot;:&quot;out-in&quot;,&quot;background_motion_fx_opacity_level&quot;:{&quot;unit&quot;:&quot;px&quot;,&quot;size&quot;:10,&quot;sizes&quot;:[]},&quot;background_motion_fx_opacity_range&quot;:{&quot;unit&quot;:&quot;%&quot;,&quot;size&quot;:&quot;&quot;,&quot;sizes&quot;:{&quot;start&quot;:20,&quot;end&quot;:80}},&quot;background_motion_fx_blur_direction&quot;:&quot;out-in&quot;,&quot;background_motion_fx_blur_level&quot;:{&quot;unit&quot;:&quot;px&quot;,&quot;size&quot;:7,&quot;sizes&quot;:[]},&quot;background_motion_fx_blur_range&quot;:{&quot;unit&quot;:&quot;%&quot;,&quot;size&quot;:&quot;&quot;,&quot;sizes&quot;:{&quot;start&quot;:20,&quot;end&quot;:80}},&quot;background_motion_fx_devices&quot;:[&quot;desktop&quot;,&quot;tablet&quot;,&quot;mobile&quot;]}\">\n\t\t\t\t\t\t\t<div class=\"elementor-background-overlay\"><\/div>\n\t\t\t\t\t\t\t<div class=\"elementor-container elementor-column-gap-default\">\n\t\t\t\t\t<div class=\"elementor-column elementor-col-100 elementor-top-column elementor-element elementor-element-f0c400e\" data-id=\"f0c400e\" data-element_type=\"column\">\n\t\t\t<div class=\"elementor-widget-wrap elementor-element-populated\">\n\t\t\t\t\t\t\t\t<div class=\"elementor-element elementor-element-4443470 elementor-widget elementor-widget-heading\" data-id=\"4443470\" data-element_type=\"widget\" data-widget_type=\"heading.default\">\n\t\t\t\t<div class=\"elementor-widget-container\">\n\t\t\t<h2 class=\"elementor-heading-title elementor-size-default\">RESE\u00d1A HISTORICA<\/h2>\t\t<\/div>\n\t\t\t\t<\/div>\n\t\t\t\t<div class=\"elementor-element elementor-element-9a04e32 elementor-widget elementor-widget-text-editor\" data-id=\"9a04e32\" data-element_type=\"widget\" data-widget_type=\"text-editor.default\">\n\t\t\t\t<div class=\"elementor-widget-container\">\n\t\t\t\t\t\t\t\t<p><span style=\"color: #000000;\"><strong>COTAXI \u2013 Cooperativa Multiactiva de Taxistas y Transportadores Unidos es una empresa de car\u00e1cter cooperativo, fundada el 31 de octubre de 1961, por iniciativa del abogado Pa\u00fal Dur\u00e1n Reyes un l\u00edder pol\u00edtico de Santander. Se cre\u00f3 una s\u00f3lida compa\u00f1\u00eda al servicio de los transportadores, conformada por 25 asociados fundadores y 15 asociados cofundadores. El objetivo fue agrupar a propietarios de taxis de Bucaramanga para prestar una nueva alternativa de transporte a la ciudadan\u00eda, obteniendo el reconocimiento de su personer\u00eda jur\u00eddica mediante resoluci\u00f3n N\u00b0 01624 de octubre de 1961 del Ministerio de Trabajo, teniendo inicialmente como raz\u00f3n social la de Cooperativa Integral de Taxistas Ltda. COTAXI. As\u00ed mismo, la cooperativa COTAXI buscando el beneficio de los asociados, implement\u00f3 talleres de mantenimiento y almac\u00e9n de repuestos, estaci\u00f3n de servicio, sitios de estacionamiento, fondo de solidaridad para atender casos de accidentes, de manera que pudieran ofrecer un servicio integral. Seguidamente, en el a\u00f1o 1964 mediante la resoluci\u00f3n N\u00b0 00637 del d\u00eda 6 de noviembre, la Superintendencia Nacional de Cooperativas autoriz\u00f3 el cambio de denominaci\u00f3n de la cooperativa, la cual a partir de la fecha pas\u00f3 a llamarse como Cooperativa Integral de Taxistas Unidos Ltda. COTAXI. Considerando la posibilidad de realizar expresos desde la ciudad de Bucaramanga hacia destinos como C\u00facuta, Aguachica y Barrancabermeja, se solicita ante INTRA la aprobaci\u00f3n para prestar estos servicios, entidad que en el a\u00f1o 1982 aprueba y adjudica a la cooperativa la licencia respectiva para operar en estas regiones.<\/strong><\/span><\/p><p><span style=\"color: #000000;\"><strong>\u00a0<\/strong><\/span><\/p><p><span style=\"color: #000000;\"><strong>En 1985 COTAXI aument\u00f3 su parque automotor a 50 veh\u00edculos de transporte de pasajeros por carretera y 100 veh\u00edculos de transporte de servicio urbano; en 1986 cambia su raz\u00f3n social a Cooperativa Multiactiva de Taxistas y Transportadores Unidos Ltda. COTAXI LTDA.<\/strong><\/span><br \/><span style=\"color: #000000;\"><strong>La empresa siempre est\u00e1 en constante innovaci\u00f3n tecnol\u00f3gica, a partir de 1991 la cooperativa sufre cambios significativos, puesto que en este a\u00f1o se inicia la considerada segunda etapa de la historia de COTAXI; se aumentan los horarios y los destinos de los veh\u00edculos transportadores de pasajeros a C\u00facuta, Barrancabermeja, Cimitarra, Aguachica, Oca\u00f1a, Pailitas, Valledupar, Banco Magdalena y La Dorada. Posteriormente se crean otras agencias en municipios como Pamplona, San Alberto, San Mart\u00edn, Pelaya, Curuman\u00ed, Codazzi, entre otras.\u00a0 En esta etapa se le otorga a COTAXI la licencia para el transporte terrestre de carga, con lo cual se crea servicio de Telecarga, aumentado adem\u00e1s la central de comunicaciones. Tambi\u00e9n se adquiere y se construye su sede principal en Bucaramanga ubicada en la carrera 19 N\u00b0 16- 58 del barrio San Francisco. En el a\u00f1o 1993 se da inicio al programa para la reposici\u00f3n del parque automotor, siendo la primera empresa del pa\u00eds en a d e l a n t a r t o t a l y satisfactoriamente dicha gesti\u00f3n, adquiriendo cincuenta busetas VANS importadas por cooperativa, con capacidad para doce pasajeros.\u00a0 En octubre de 2010 COTAXI cumpli\u00f3 49 a\u00f1os de fundaci\u00f3n, lo cual la hace merecedora de una distinci\u00f3n por parte del consejo de Bucaramanga y de la Sociedad Santandereana en general por sus logros y la contribuci\u00f3n al desarrollo de la regi\u00f3n. En el a\u00f1o 2013 recibe la certificaci\u00f3n de calidad del Icontec por los procesos de gesti\u00f3n y calidad en el servicio.<\/strong><\/span><\/p>\t\t\t\t\t\t<\/div>\n\t\t\t\t<\/div>\n\t\t\t\t\t<\/div>\n\t\t<\/div>\n\t\t\t\t\t\t\t<\/div>\n\t\t<\/section>\n\t\t\t\t<section class=\"elementor-section elementor-top-section elementor-element elementor-element-c4c3d98 elementor-section-boxed elementor-section-height-default elementor-section-height-default\" data-id=\"c4c3d98\" data-element_type=\"section\" data-settings=\"{&quot;background_background&quot;:&quot;gradient&quot;}\">\n\t\t\t\t\t\t\t<div class=\"elementor-background-overlay\"><\/div>\n\t\t\t\t\t\t\t<div class=\"elementor-container elementor-column-gap-default\">\n\t\t\t\t\t<div class=\"elementor-column elementor-col-33 elementor-top-column elementor-element elementor-element-cabc4e1\" data-id=\"cabc4e1\" data-element_type=\"column\">\n\t\t\t<div class=\"elementor-widget-wrap elementor-element-populated\">\n\t\t\t\t\t\t\t\t<div class=\"elementor-element elementor-element-18da51c elementor-widget elementor-widget-heading\" data-id=\"18da51c\" data-element_type=\"widget\" data-widget_type=\"heading.default\">\n\t\t\t\t<div class=\"elementor-widget-container\">\n\t\t\t<h2 class=\"elementor-heading-title elementor-size-default\">MISION<\/h2>\t\t<\/div>\n\t\t\t\t<\/div>\n\t\t\t\t<div class=\"elementor-element elementor-element-7fc65b5 elementor-widget elementor-widget-text-editor\" data-id=\"7fc65b5\" data-element_type=\"widget\" data-widget_type=\"text-editor.default\">\n\t\t\t\t<div class=\"elementor-widget-container\">\n\t\t\t\t\t\t\t\t<p>La Cooperativa Multiactiva de Taxistas y Transportadores Unidos \u201cCOTAXI\u201d ofrece servicios de transporte con altos est\u00e1ndares de calidad en diversas modalidades: pasajeros por carretera, especial (tur\u00edstico, escolar y ocasional), carga y taxis metropolitanos. Adem\u00e1s, realizamos giros a nivel nacional, encomiendas, comercializaci\u00f3n de autopartes, lubricaci\u00f3n de veh\u00edculos y venta de combustible. Nuestro objetivo es facilitar la movilidad de personas y bienes, conectando comunidades a trav\u00e9s de soluciones de transporte y servicios integrales. Nos enfocamos en la calidad, seguridad y eficiencia, poniendo siempre la satisfacci\u00f3n de nuestros clientes como nuestra prioridad.<\/p>\t\t\t\t\t\t<\/div>\n\t\t\t\t<\/div>\n\t\t\t\t\t<\/div>\n\t\t<\/div>\n\t\t\t\t<div class=\"elementor-column elementor-col-33 elementor-top-column elementor-element elementor-element-2f65364\" data-id=\"2f65364\" data-element_type=\"column\">\n\t\t\t<div class=\"elementor-widget-wrap elementor-element-populated\">\n\t\t\t\t\t\t\t\t<div class=\"elementor-element elementor-element-5304aaa elementor-widget elementor-widget-heading\" data-id=\"5304aaa\" data-element_type=\"widget\" data-widget_type=\"heading.default\">\n\t\t\t\t<div class=\"elementor-widget-container\">\n\t\t\t<h2 class=\"elementor-heading-title elementor-size-default\">VISION<\/h2>\t\t<\/div>\n\t\t\t\t<\/div>\n\t\t\t\t<div class=\"elementor-element elementor-element-e1df360 elementor-widget elementor-widget-text-editor\" data-id=\"e1df360\" data-element_type=\"widget\" data-widget_type=\"text-editor.default\">\n\t\t\t\t<div class=\"elementor-widget-container\">\n\t\t\t\t\t\t\t\t<p>En el 2030, La Cooperativa Multiactiva de Taxistas y Transportadores Unidos \u201cCOTAXI\u201d, transformar\u00e1 el transporte terrestre en Colombia, ofreciendo soluciones integrales, confiables y eficientes que impulsan el desarrollo regional, para lograrlo, nos comprometemos con el crecimiento y desarrollo continuo de nuestros asociados, quienes son el motor de nuestra empresa, alcanzar\u00e1 el bienestar y oportunidades de crecimiento para nuestro recurso humano.<\/p>\t\t\t\t\t\t<\/div>\n\t\t\t\t<\/div>\n\t\t\t\t\t<\/div>\n\t\t<\/div>\n\t\t\t\t<div class=\"elementor-column elementor-col-33 elementor-top-column elementor-element elementor-element-51571d6\" data-id=\"51571d6\" data-element_type=\"column\">\n\t\t\t<div class=\"elementor-widget-wrap elementor-element-populated\">\n\t\t\t\t\t\t\t\t<div class=\"elementor-element elementor-element-794f0c6 elementor-widget elementor-widget-heading\" data-id=\"794f0c6\" data-element_type=\"widget\" data-widget_type=\"heading.default\">\n\t\t\t\t<div class=\"elementor-widget-container\">\n\t\t\t<h2 class=\"elementor-heading-title elementor-size-default\">SISTEMA INTEGRADO DE GESTION<\/h2>\t\t<\/div>\n\t\t\t\t<\/div>\n\t\t\t\t<div class=\"elementor-element elementor-element-1ee1bd0 elementor-widget elementor-widget-text-editor\" data-id=\"1ee1bd0\" data-element_type=\"widget\" data-widget_type=\"text-editor.default\">\n\t\t\t\t<div class=\"elementor-widget-container\">\n\t\t\t\t\t\t\t\t<p>COTAXI, un transportista de pasajeros en diversas modalidades, ha ampliado sus servicios a \u00e1reas complementarias como mensajer\u00eda express y gr\u00faas. Esta diversificaci\u00f3n nos permite ofrecer m\u00e1s beneficios y garantizar la confiabilidad de nuestros servicios. Somos reconocidos a nivel nacional por brindar confianza y seguridad en el transporte, gracias a nuestro personal competente y una flota adecuada.<\/p><p>Cumplimos con la normativa legal colombiana y normas de Seguridad y Salud en el Trabajo, Medio Ambiente y Calidad, asegurando la mejora continua de nuestro Sistema Integrado de Gesti\u00f3n.<\/p><p>Nuestra prioridad es identificar y eliminar peligros, implementando controles para mitigar accidentes laborales y proteger el medio ambiente. Trabajamos para prevenir accidentes de tr\u00e1nsito y fomentar una cultura de autocuidado entre nuestros\u00a0trabajadores.<\/p>\t\t\t\t\t\t<\/div>\n\t\t\t\t<\/div>\n\t\t\t\t\t<\/div>\n\t\t<\/div>\n\t\t\t\t\t\t\t<\/div>\n\t\t<\/section>\n\t\t\t\t<section class=\"elementor-section elementor-top-section elementor-element elementor-element-089686f elementor-section-boxed elementor-section-height-default elementor-section-height-default\" data-id=\"089686f\" data-element_type=\"section\">\n\t\t\t\t\t\t\t<div class=\"elementor-background-overlay\"><\/div>\n\t\t\t\t\t\t\t<div class=\"elementor-container elementor-column-gap-default\">\n\t\t\t\t\t<div class=\"elementor-column elementor-col-100 elementor-top-column elementor-element elementor-element-cdb4260\" data-id=\"cdb4260\" data-element_type=\"column\">\n\t\t\t<div class=\"elementor-widget-wrap elementor-element-populated\">\n\t\t\t\t\t\t\t\t<div class=\"elementor-element elementor-element-51d6552 elementor-widget elementor-widget-html\" data-id=\"51d6552\" data-element_type=\"widget\" data-widget_type=\"html.default\">\n\t\t\t\t<div class=\"elementor-widget-container\">\n\t\t\t<embed src=\"https:\/\/www.cotaxi.com.co\/wp-content\/uploads\/2025\/02\/icontec-2025.pdf\" width=\"100%\" height=\"800\" type=\"application\/pdf\">\r\n\t\t<\/div>\n\t\t\t\t<\/div>\n\t\t\t\t\t<\/div>\n\t\t<\/div>\n\t\t\t\t\t\t\t<\/div>\n\t\t<\/section>\n\t\t\t\t<section class=\"elementor-section elementor-top-section elementor-element elementor-element-36e9126c elementor-section-content-middle elementor-section-height-min-height elementor-section-boxed elementor-section-height-default elementor-section-items-middle\" data-id=\"36e9126c\" data-element_type=\"section\" data-settings=\"{&quot;background_background&quot;:&quot;classic&quot;}\">\n\t\t\t\t\t\t<div class=\"elementor-container elementor-column-gap-no\">\n\t\t\t\t\t<div class=\"elementor-column elementor-col-20 elementor-top-column elementor-element elementor-element-2aca5b53\" data-id=\"2aca5b53\" data-element_type=\"column\">\n\t\t\t<div class=\"elementor-widget-wrap elementor-element-populated\">\n\t\t\t\t\t\t\t\t<div class=\"elementor-element elementor-element-5d83160d elementor-widget elementor-widget-image\" data-id=\"5d83160d\" data-element_type=\"widget\" data-widget_type=\"image.default\">\n\t\t\t\t<div class=\"elementor-widget-container\">\n\t\t\t\t\t\t\t\t\t\t\t\t\t\t\t\t<a href=\"https:\/\/www.cotaxi.com.co\/\" target=\"_blank\">\n\t\t\t\t\t\t\t<img width=\"150\" height=\"150\" src=\"https:\/\/www.cotaxi.com.co\/wp-content\/uploads\/2024\/01\/perfil-wsp-cotaxi-2024-150x150.png\" class=\"attachment-thumbnail size-thumbnail\" alt=\"\" loading=\"lazy\" srcset=\"https:\/\/www.cotaxi.com.co\/wp-content\/uploads\/2024\/01\/perfil-wsp-cotaxi-2024-150x150.png 150w, https:\/\/www.cotaxi.com.co\/wp-content\/uploads\/2024\/01\/perfil-wsp-cotaxi-2024-300x300.png 300w, https:\/\/www.cotaxi.com.co\/wp-content\/uploads\/2024\/01\/perfil-wsp-cotaxi-2024-1024x1024.png 1024w, https:\/\/www.cotaxi.com.co\/wp-content\/uploads\/2024\/01\/perfil-wsp-cotaxi-2024-768x768.png 768w, https:\/\/www.cotaxi.com.co\/wp-content\/uploads\/2024\/01\/perfil-wsp-cotaxi-2024.png 1080w\" sizes=\"(max-width: 150px) 100vw, 150px\" \/>\t\t\t\t\t\t\t\t<\/a>\n\t\t\t\t\t\t\t\t\t\t\t\t\t\t\t<\/div>\n\t\t\t\t<\/div>\n\t\t\t\t\t<\/div>\n\t\t<\/div>\n\t\t\t\t<div class=\"elementor-column elementor-col-20 elementor-top-column elementor-element elementor-element-2da8c8fb\" data-id=\"2da8c8fb\" data-element_type=\"column\">\n\t\t\t<div class=\"elementor-widget-wrap elementor-element-populated\">\n\t\t\t\t\t\t\t\t<div class=\"elementor-element elementor-element-33612ef8 elementor-widget elementor-widget-heading\" data-id=\"33612ef8\" data-element_type=\"widget\" data-widget_type=\"heading.default\">\n\t\t\t\t<div class=\"elementor-widget-container\">\n\t\t\t<h5 class=\"elementor-heading-title elementor-size-default\">Sobre Cotaxi<\/h5>\t\t<\/div>\n\t\t\t\t<\/div>\n\t\t\t\t<div class=\"elementor-element elementor-element-43a7cc33 elementor-widget elementor-widget-text-editor\" data-id=\"43a7cc33\" data-element_type=\"widget\" data-widget_type=\"text-editor.default\">\n\t\t\t\t<div class=\"elementor-widget-container\">\n\t\t\t\t\t\t\t\t<p><a href=\"https:\/\/www.cotaxi.com.co\/index.php\/facilities\/\" target=\"_blank\" rel=\"noopener\">Qui\u00e9nes somos<\/a><\/p><p><a href=\"https:\/\/www.cotaxi.com.co\/index.php\/facilities\/\" target=\"_blank\" rel=\"noopener\">Historia<\/a><\/p><p><a href=\"https:\/\/www.cotaxi.com.co\/index.php\/facilities\/\" target=\"_blank\" rel=\"noopener\">Misi\u00f3n y Visi\u00f3n<\/a><\/p><p><a href=\"https:\/\/www.cotaxi.com.co\/wp-content\/uploads\/2025\/02\/icontec-2025.pdf\" target=\"_blank\" rel=\"noopener\">Certificaciones<\/a><\/p>\t\t\t\t\t\t<\/div>\n\t\t\t\t<\/div>\n\t\t\t\t\t<\/div>\n\t\t<\/div>\n\t\t\t\t<div class=\"elementor-column elementor-col-20 elementor-top-column elementor-element elementor-element-13703ba9\" data-id=\"13703ba9\" data-element_type=\"column\">\n\t\t\t<div class=\"elementor-widget-wrap elementor-element-populated\">\n\t\t\t\t\t\t\t\t<div class=\"elementor-element elementor-element-55a3c736 elementor-widget elementor-widget-heading\" data-id=\"55a3c736\" data-element_type=\"widget\" data-widget_type=\"heading.default\">\n\t\t\t\t<div class=\"elementor-widget-container\">\n\t\t\t<h5 class=\"elementor-heading-title elementor-size-default\">Atenci\u00f3n al Usuario<\/h5>\t\t<\/div>\n\t\t\t\t<\/div>\n\t\t\t\t<div class=\"elementor-element elementor-element-47f080f6 elementor-widget elementor-widget-text-editor\" data-id=\"47f080f6\" data-element_type=\"widget\" data-widget_type=\"text-editor.default\">\n\t\t\t\t<div class=\"elementor-widget-container\">\n\t\t\t\t\t\t\t\t<p><a href=\"https:\/\/www.cotaxi.com.co\/wp-content\/uploads\/2024\/01\/oficinas_cotaxi.pdf\" target=\"_blank\" rel=\"noopener\">Oficinas y puntos de atenci\u00f3n<\/a><\/p><p><a href=\"mailto:pqr@cotaxi.com.co\" target=\"_blank\" rel=\"noopener\">Email: pqr@cotaxi.com.co<\/a><\/p><p><a href=\"https:\/\/wa.me\/573125953928?text=Hola\" target=\"_blank\" rel=\"noopener\">Atenci\u00f3n al usuario: 312 5953928<\/a><\/p><p><a href=\"https:\/\/silogcotaxierp.serviciosproductivos.com.co\/Pqr_mod\/pqr_web.php\" target=\"_blank\" rel=\"noopener\">Formulario de PQRS<\/a><\/p>\t\t\t\t\t\t<\/div>\n\t\t\t\t<\/div>\n\t\t\t\t\t<\/div>\n\t\t<\/div>\n\t\t\t\t<div class=\"elementor-column elementor-col-20 elementor-top-column elementor-element elementor-element-3e25db0c\" data-id=\"3e25db0c\" data-element_type=\"column\">\n\t\t\t<div class=\"elementor-widget-wrap elementor-element-populated\">\n\t\t\t\t\t\t\t\t<div class=\"elementor-element elementor-element-9bc50b0 elementor-widget elementor-widget-heading\" data-id=\"9bc50b0\" data-element_type=\"widget\" data-widget_type=\"heading.default\">\n\t\t\t\t<div class=\"elementor-widget-container\">\n\t\t\t<h5 class=\"elementor-heading-title elementor-size-default\">Formatos y Documentos<\/h5>\t\t<\/div>\n\t\t\t\t<\/div>\n\t\t\t\t<div class=\"elementor-element elementor-element-48c8bfc9 elementor-widget elementor-widget-text-editor\" data-id=\"48c8bfc9\" data-element_type=\"widget\" data-widget_type=\"text-editor.default\">\n\t\t\t\t<div class=\"elementor-widget-container\">\n\t\t\t\t\t\t\t\t<p><a href=\"https:\/\/erpcotaxi.sitransas.com.co\/registers\" target=\"_blank\" rel=\"noopener\">Registro de clientes<\/a><\/p><p><a href=\"https:\/\/www.cotaxi.com.co\/index.php\/privacy-policy\/\" target=\"_blank\" rel=\"noopener\">Tratamiento de datos<\/a><\/p><p><a href=\"https:\/\/www.cotaxi.com.co\/wp-content\/uploads\/2024\/05\/AUTORIZACION-VIAJE-NINOS-ADOLESCENTES.pdf\" target=\"_blank\" rel=\"noopener\">Autorizaci\u00f3n de viaje para menores de edad<\/a><\/p><p><a href=\"https:\/\/www.cotaxi.com.co\/index.php\/rezagos\/\" target=\"_blank\" rel=\"noopener\">Rezagos<\/a><\/p>\t\t\t\t\t\t<\/div>\n\t\t\t\t<\/div>\n\t\t\t\t\t<\/div>\n\t\t<\/div>\n\t\t\t\t<div class=\"elementor-column elementor-col-20 elementor-top-column elementor-element elementor-element-7afd81be\" data-id=\"7afd81be\" data-element_type=\"column\">\n\t\t\t<div class=\"elementor-widget-wrap elementor-element-populated\">\n\t\t\t\t\t\t\t\t<div class=\"elementor-element elementor-element-41c7ec1b elementor-widget elementor-widget-heading\" data-id=\"41c7ec1b\" data-element_type=\"widget\" data-widget_type=\"heading.default\">\n\t\t\t\t<div class=\"elementor-widget-container\">\n\t\t\t<h5 class=\"elementor-heading-title elementor-size-default\">Pol\u00edticas<\/h5>\t\t<\/div>\n\t\t\t\t<\/div>\n\t\t\t\t<div class=\"elementor-element elementor-element-6a045df8 elementor-widget elementor-widget-text-editor\" data-id=\"6a045df8\" data-element_type=\"widget\" data-widget_type=\"text-editor.default\">\n\t\t\t\t<div class=\"elementor-widget-container\">\n\t\t\t\t\t\t\t\t<p><a href=\"https:\/\/www.cotaxi.com.co\/wp-content\/uploads\/2025\/10\/CONTRATO_TRANSPORTE_PASAJEROS.pdf\" target=\"_blank\" rel=\"noopener\">Contrato de transporte<\/a><\/p><p><a href=\"https:\/\/www.cotaxi.com.co\/wp-content\/uploads\/2025\/08\/PO-RAN-01-Politica-de-transporte-de-mascotas-REV.pdf\" target=\"_blank\" rel=\"noopener\">Pol\u00edtica transporte de mascotas<\/a><\/p><p><a href=\"https:\/\/www.cotaxi.com.co\/wp-content\/uploads\/2025\/08\/PO-RAN-02-Politica-y-recomendaciones-para-transporte-de-menores-de-edad-REV.pdf\" target=\"_blank\" rel=\"noopener\">Pol\u00edtica transporte menores de edad<\/a><\/p><p><a href=\"https:\/\/www.cotaxi.com.co\/wp-content\/uploads\/2025\/10\/POLITICA-DEL-SGI.pdf\" target=\"_blank\" rel=\"noopener\">Pol\u00edtica de calidad<\/a><\/p>\t\t\t\t\t\t<\/div>\n\t\t\t\t<\/div>\n\t\t\t\t\t<\/div>\n\t\t<\/div>\n\t\t\t\t\t\t\t<\/div>\n\t\t<\/section>\n\t\t\t\t\t\t<\/div>\n\t\t\t\t\t<\/div>\n\t\t","protected":false},"excerpt":{"rendered":"<p>\u00bfQui\u00e9nes Somos? RESE\u00d1A HISTORICA COTAXI \u2013 Cooperativa Multiactiva de Taxistas y Transportadores Unidos es una empresa de car\u00e1cter cooperativo, fundada el 31 de octubre de 1961, por iniciativa del abogado Pa\u00fal Dur\u00e1n Reyes un l\u00edder pol\u00edtico de Santander. Se cre\u00f3 una s\u00f3lida compa\u00f1\u00eda al servicio de los transportadores, conformada por 25 asociados fundadores y 15 &hellip;<\/p>\n<p class=\"read-more\"> <a class=\"\" href=\"https:\/\/www.cotaxi.com.co\/index.php\/empresa\/\"> <span class=\"screen-reader-text\">Empresa<\/span> Leer m\u00e1s &raquo;<\/a><\/p>\n","protected":false},"author":1,"featured_media":0,"parent":0,"menu_order":0,"comment_status":"closed","ping_status":"closed","template":"","meta":[],"_links":{"self":[{"href":"https:\/\/www.cotaxi.com.co\/index.php\/wp-json\/wp\/v2\/pages\/293"}],"collection":[{"href":"https:\/\/www.cotaxi.com.co\/index.php\/wp-json\/wp\/v2\/pages"}],"about":[{"href":"https:\/\/www.cotaxi.com.co\/index.php\/wp-json\/wp\/v2\/types\/page"}],"author":[{"embeddable":true,"href":"https:\/\/www.cotaxi.com.co\/index.php\/wp-json\/wp\/v2\/users\/1"}],"replies":[{"embeddable":true,"href":"https:\/\/www.cotaxi.com.co\/index.php\/wp-json\/wp\/v2\/comments?post=293"}],"version-history":[{"count":131,"href":"https:\/\/www.cotaxi.com.co\/index.php\/wp-json\/wp\/v2\/pages\/293\/revisions"}],"predecessor-version":[{"id":3008,"href":"https:\/\/www.cotaxi.com.co\/index.php\/wp-json\/wp\/v2\/pages\/293\/revisions\/3008"}],"wp:attachment":[{"href":"https:\/\/www.cotaxi.com.co\/index.php\/wp-json\/wp\/v2\/media?parent=293"}],"curies":[{"name":"wp","href":"https:\/\/api.w.org\/{rel}","templated":true}]}}