{"id":290,"date":"2020-07-20T08:46:21","date_gmt":"2020-07-20T08:46:21","guid":{"rendered":"https:\/\/www.cotaxi.com.co\/index.php\/about\/"},"modified":"2025-12-04T19:44:12","modified_gmt":"2025-12-04T19:44:12","slug":"about","status":"publish","type":"page","link":"https:\/\/www.cotaxi.com.co\/index.php\/about\/","title":{"rendered":"Corporativo"},"content":{"rendered":"\t\t<div data-elementor-type=\"wp-page\" data-elementor-id=\"290\" class=\"elementor elementor-290\" data-elementor-settings=\"[]\">\n\t\t\t\t\t\t\t<div class=\"elementor-section-wrap\">\n\t\t\t\t\t\t\t<section class=\"elementor-section elementor-top-section elementor-element elementor-element-e07856f elementor-section-boxed elementor-section-height-default elementor-section-height-default\" data-id=\"e07856f\" data-element_type=\"section\" data-settings=\"{&quot;background_background&quot;:&quot;classic&quot;}\">\n\t\t\t\t\t\t\t<div class=\"elementor-background-overlay\"><\/div>\n\t\t\t\t\t\t\t<div class=\"elementor-container elementor-column-gap-no\">\n\t\t\t\t\t<div class=\"elementor-column elementor-col-100 elementor-top-column elementor-element elementor-element-d3338a7\" data-id=\"d3338a7\" data-element_type=\"column\">\n\t\t\t<div class=\"elementor-widget-wrap elementor-element-populated\">\n\t\t\t\t\t\t\t\t<div class=\"elementor-element elementor-element-4e4828f elementor-widget elementor-widget-heading\" data-id=\"4e4828f\" data-element_type=\"widget\" data-widget_type=\"heading.default\">\n\t\t\t\t<div class=\"elementor-widget-container\">\n\t\t\t<h1 class=\"elementor-heading-title elementor-size-default\">Pol\u00edticas<\/h1>\t\t<\/div>\n\t\t\t\t<\/div>\n\t\t\t\t<div class=\"elementor-element elementor-element-405e6e3 elementor-align-center elementor-widget elementor-widget-button\" data-id=\"405e6e3\" data-element_type=\"widget\" data-widget_type=\"button.default\">\n\t\t\t\t<div class=\"elementor-widget-container\">\n\t\t\t\t\t<div class=\"elementor-button-wrapper\">\n\t\t\t<a href=\"https:\/\/www.cotaxi.com.co\/wp-content\/uploads\/2025\/08\/PO-RAN-02-Politica-y-recomendaciones-para-transporte-de-menores-de-edad-REV.pdf\" target=\"_blank\" class=\"elementor-button-link elementor-button elementor-size-sm\" role=\"button\">\n\t\t\t\t\t\t<span class=\"elementor-button-content-wrapper\">\n\t\t\t\t\t\t<span class=\"elementor-button-text\">POLITICA Y RECOMENDACIONES PARA TRANSPORTE DE MENORES DE EDAD<\/span>\n\t\t<\/span>\n\t\t\t\t\t<\/a>\n\t\t<\/div>\n\t\t\t\t<\/div>\n\t\t\t\t<\/div>\n\t\t\t\t<div class=\"elementor-element elementor-element-c9b3096 elementor-align-center elementor-widget elementor-widget-button\" data-id=\"c9b3096\" data-element_type=\"widget\" data-widget_type=\"button.default\">\n\t\t\t\t<div class=\"elementor-widget-container\">\n\t\t\t\t\t<div class=\"elementor-button-wrapper\">\n\t\t\t<a href=\"https:\/\/www.cotaxi.com.co\/wp-content\/uploads\/2024\/05\/AUTORIZACION-VIAJE-NINOS-ADOLESCENTES.pdf\" target=\"_blank\" class=\"elementor-button-link elementor-button elementor-size-sm\" role=\"button\">\n\t\t\t\t\t\t<span class=\"elementor-button-content-wrapper\">\n\t\t\t\t\t\t<span class=\"elementor-button-text\">AUTORIZACI\u00d3N DE VIAJE PARA NI\u00d1OS, NI\u00d1AS Y ADOLESCENTES<\/span>\n\t\t<\/span>\n\t\t\t\t\t<\/a>\n\t\t<\/div>\n\t\t\t\t<\/div>\n\t\t\t\t<\/div>\n\t\t\t\t<div class=\"elementor-element elementor-element-a1cfb22 elementor-align-center elementor-widget elementor-widget-button\" data-id=\"a1cfb22\" data-element_type=\"widget\" data-widget_type=\"button.default\">\n\t\t\t\t<div class=\"elementor-widget-container\">\n\t\t\t\t\t<div class=\"elementor-button-wrapper\">\n\t\t\t<a href=\"https:\/\/www.cotaxi.com.co\/wp-content\/uploads\/2025\/08\/PO-RAN-01-Politica-de-transporte-de-mascotas-REV.pdf\" target=\"_blank\" class=\"elementor-button-link elementor-button elementor-size-sm\" role=\"button\">\n\t\t\t\t\t\t<span class=\"elementor-button-content-wrapper\">\n\t\t\t\t\t\t<span class=\"elementor-button-text\">POLITICA PARA EL TRANSPORTE DE MASCOTAS<\/span>\n\t\t<\/span>\n\t\t\t\t\t<\/a>\n\t\t<\/div>\n\t\t\t\t<\/div>\n\t\t\t\t<\/div>\n\t\t\t\t<div class=\"elementor-element elementor-element-facefeb elementor-button-danger elementor-align-center elementor-widget elementor-widget-button\" data-id=\"facefeb\" data-element_type=\"widget\" data-widget_type=\"button.default\">\n\t\t\t\t<div class=\"elementor-widget-container\">\n\t\t\t\t\t<div class=\"elementor-button-wrapper\">\n\t\t\t<a href=\"https:\/\/www.cotaxi.com.co\/wp-content\/uploads\/2025\/10\/CONTRATO_TRANSPORTE_PASAJEROS.pdf\" target=\"_blank\" class=\"elementor-button-link elementor-button elementor-size-sm\" role=\"button\">\n\t\t\t\t\t\t<span class=\"elementor-button-content-wrapper\">\n\t\t\t\t\t\t<span class=\"elementor-button-text\">CONTRATO TRANSPORTE PASAJEROS<\/span>\n\t\t<\/span>\n\t\t\t\t\t<\/a>\n\t\t<\/div>\n\t\t\t\t<\/div>\n\t\t\t\t<\/div>\n\t\t\t\t<div class=\"elementor-element elementor-element-674a62e elementor-align-center elementor-widget elementor-widget-button\" data-id=\"674a62e\" data-element_type=\"widget\" data-widget_type=\"button.default\">\n\t\t\t\t<div class=\"elementor-widget-container\">\n\t\t\t\t\t<div class=\"elementor-button-wrapper\">\n\t\t\t<a href=\"https:\/\/www.cotaxi.com.co\/wp-content\/uploads\/2025\/10\/politica-quipaje.jpg\" target=\"_blank\" class=\"elementor-button-link elementor-button elementor-size-sm\" role=\"button\">\n\t\t\t\t\t\t<span class=\"elementor-button-content-wrapper\">\n\t\t\t\t\t\t<span class=\"elementor-button-text\">POLITICA DE EQUIPAJE<\/span>\n\t\t<\/span>\n\t\t\t\t\t<\/a>\n\t\t<\/div>\n\t\t\t\t<\/div>\n\t\t\t\t<\/div>\n\t\t\t\t\t<\/div>\n\t\t<\/div>\n\t\t\t\t\t\t\t<\/div>\n\t\t<\/section>\n\t\t\t\t<section class=\"elementor-section elementor-top-section elementor-element elementor-element-491757a9 elementor-section-content-middle elementor-section-height-min-height elementor-section-boxed elementor-section-height-default elementor-section-items-middle\" data-id=\"491757a9\" data-element_type=\"section\" data-settings=\"{&quot;background_background&quot;:&quot;classic&quot;}\">\n\t\t\t\t\t\t<div class=\"elementor-container elementor-column-gap-no\">\n\t\t\t\t\t<div class=\"elementor-column elementor-col-20 elementor-top-column elementor-element elementor-element-56b65754\" data-id=\"56b65754\" data-element_type=\"column\">\n\t\t\t<div class=\"elementor-widget-wrap elementor-element-populated\">\n\t\t\t\t\t\t\t\t<div class=\"elementor-element elementor-element-53ca1934 elementor-widget elementor-widget-image\" data-id=\"53ca1934\" data-element_type=\"widget\" data-widget_type=\"image.default\">\n\t\t\t\t<div class=\"elementor-widget-container\">\n\t\t\t\t\t\t\t\t\t\t\t\t\t\t\t\t<a href=\"https:\/\/www.cotaxi.com.co\/\" target=\"_blank\">\n\t\t\t\t\t\t\t<img width=\"150\" height=\"150\" src=\"https:\/\/www.cotaxi.com.co\/wp-content\/uploads\/2024\/01\/perfil-wsp-cotaxi-2024-150x150.png\" class=\"attachment-thumbnail size-thumbnail\" alt=\"\" loading=\"lazy\" srcset=\"https:\/\/www.cotaxi.com.co\/wp-content\/uploads\/2024\/01\/perfil-wsp-cotaxi-2024-150x150.png 150w, https:\/\/www.cotaxi.com.co\/wp-content\/uploads\/2024\/01\/perfil-wsp-cotaxi-2024-300x300.png 300w, https:\/\/www.cotaxi.com.co\/wp-content\/uploads\/2024\/01\/perfil-wsp-cotaxi-2024-1024x1024.png 1024w, https:\/\/www.cotaxi.com.co\/wp-content\/uploads\/2024\/01\/perfil-wsp-cotaxi-2024-768x768.png 768w, https:\/\/www.cotaxi.com.co\/wp-content\/uploads\/2024\/01\/perfil-wsp-cotaxi-2024.png 1080w\" sizes=\"(max-width: 150px) 100vw, 150px\" \/>\t\t\t\t\t\t\t\t<\/a>\n\t\t\t\t\t\t\t\t\t\t\t\t\t\t\t<\/div>\n\t\t\t\t<\/div>\n\t\t\t\t\t<\/div>\n\t\t<\/div>\n\t\t\t\t<div class=\"elementor-column elementor-col-20 elementor-top-column elementor-element elementor-element-65d6817d\" data-id=\"65d6817d\" data-element_type=\"column\">\n\t\t\t<div class=\"elementor-widget-wrap elementor-element-populated\">\n\t\t\t\t\t\t\t\t<div class=\"elementor-element elementor-element-6d5cc6d3 elementor-widget elementor-widget-heading\" data-id=\"6d5cc6d3\" data-element_type=\"widget\" data-widget_type=\"heading.default\">\n\t\t\t\t<div class=\"elementor-widget-container\">\n\t\t\t<h5 class=\"elementor-heading-title elementor-size-default\">Sobre Cotaxi<\/h5>\t\t<\/div>\n\t\t\t\t<\/div>\n\t\t\t\t<div class=\"elementor-element elementor-element-465deced elementor-widget elementor-widget-text-editor\" data-id=\"465deced\" data-element_type=\"widget\" data-widget_type=\"text-editor.default\">\n\t\t\t\t<div class=\"elementor-widget-container\">\n\t\t\t\t\t\t\t\t<p><a href=\"https:\/\/www.cotaxi.com.co\/index.php\/facilities\/\" target=\"_blank\" rel=\"noopener\">Qui\u00e9nes somos<\/a><\/p><p><a href=\"https:\/\/www.cotaxi.com.co\/index.php\/facilities\/\" target=\"_blank\" rel=\"noopener\">Historia<\/a><\/p><p><a href=\"https:\/\/www.cotaxi.com.co\/index.php\/facilities\/\" target=\"_blank\" rel=\"noopener\">Misi\u00f3n y Visi\u00f3n<\/a><\/p><p><a href=\"https:\/\/www.cotaxi.com.co\/wp-content\/uploads\/2025\/02\/icontec-2025.pdf\" target=\"_blank\" rel=\"noopener\">Certificaciones<\/a><\/p>\t\t\t\t\t\t<\/div>\n\t\t\t\t<\/div>\n\t\t\t\t\t<\/div>\n\t\t<\/div>\n\t\t\t\t<div class=\"elementor-column elementor-col-20 elementor-top-column elementor-element elementor-element-13223ddd\" data-id=\"13223ddd\" data-element_type=\"column\">\n\t\t\t<div class=\"elementor-widget-wrap elementor-element-populated\">\n\t\t\t\t\t\t\t\t<div class=\"elementor-element elementor-element-5af83d2e elementor-widget elementor-widget-heading\" data-id=\"5af83d2e\" data-element_type=\"widget\" data-widget_type=\"heading.default\">\n\t\t\t\t<div class=\"elementor-widget-container\">\n\t\t\t<h5 class=\"elementor-heading-title elementor-size-default\">Atenci\u00f3n al Usuario<\/h5>\t\t<\/div>\n\t\t\t\t<\/div>\n\t\t\t\t<div class=\"elementor-element elementor-element-22fb8591 elementor-widget elementor-widget-text-editor\" data-id=\"22fb8591\" data-element_type=\"widget\" data-widget_type=\"text-editor.default\">\n\t\t\t\t<div class=\"elementor-widget-container\">\n\t\t\t\t\t\t\t\t<p><a href=\"https:\/\/www.cotaxi.com.co\/wp-content\/uploads\/2024\/01\/oficinas_cotaxi.pdf\" target=\"_blank\" rel=\"noopener\">Oficinas y puntos de atenci\u00f3n<\/a><\/p><p><a href=\"mailto:pqr@cotaxi.com.co\" target=\"_blank\" rel=\"noopener\">Email: pqr@cotaxi.com.co<\/a><\/p><p><a href=\"https:\/\/wa.me\/573125953928?text=Hola\" target=\"_blank\" rel=\"noopener\">Atenci\u00f3n al usuario: 312 5953928<\/a><\/p><p><a href=\"https:\/\/silogcotaxierp.serviciosproductivos.com.co\/Pqr_mod\/pqr_web.php\" target=\"_blank\" rel=\"noopener\">Formulario de PQRS<\/a><\/p>\t\t\t\t\t\t<\/div>\n\t\t\t\t<\/div>\n\t\t\t\t\t<\/div>\n\t\t<\/div>\n\t\t\t\t<div class=\"elementor-column elementor-col-20 elementor-top-column elementor-element elementor-element-64e9177e\" data-id=\"64e9177e\" data-element_type=\"column\">\n\t\t\t<div class=\"elementor-widget-wrap elementor-element-populated\">\n\t\t\t\t\t\t\t\t<div class=\"elementor-element elementor-element-3b6425c4 elementor-widget elementor-widget-heading\" data-id=\"3b6425c4\" data-element_type=\"widget\" data-widget_type=\"heading.default\">\n\t\t\t\t<div class=\"elementor-widget-container\">\n\t\t\t<h5 class=\"elementor-heading-title elementor-size-default\">Formatos y Documentos<\/h5>\t\t<\/div>\n\t\t\t\t<\/div>\n\t\t\t\t<div class=\"elementor-element elementor-element-3a495432 elementor-widget elementor-widget-text-editor\" data-id=\"3a495432\" data-element_type=\"widget\" data-widget_type=\"text-editor.default\">\n\t\t\t\t<div class=\"elementor-widget-container\">\n\t\t\t\t\t\t\t\t<p><a href=\"https:\/\/erpcotaxi.sitransas.com.co\/registers\" target=\"_blank\" rel=\"noopener\">Registro de clientes<\/a><\/p><p><a href=\"https:\/\/www.cotaxi.com.co\/index.php\/privacy-policy\/\" target=\"_blank\" rel=\"noopener\">Tratamiento de datos<\/a><\/p><p><a href=\"https:\/\/www.cotaxi.com.co\/wp-content\/uploads\/2024\/05\/AUTORIZACION-VIAJE-NINOS-ADOLESCENTES.pdf\" target=\"_blank\" rel=\"noopener\">Autorizaci\u00f3n de viaje para menores de edad<\/a><\/p><p><a href=\"https:\/\/www.cotaxi.com.co\/index.php\/rezagos\/\" target=\"_blank\" rel=\"noopener\">Rezagos<\/a><\/p>\t\t\t\t\t\t<\/div>\n\t\t\t\t<\/div>\n\t\t\t\t\t<\/div>\n\t\t<\/div>\n\t\t\t\t<div class=\"elementor-column elementor-col-20 elementor-top-column elementor-element elementor-element-5169d8a7\" data-id=\"5169d8a7\" data-element_type=\"column\">\n\t\t\t<div class=\"elementor-widget-wrap elementor-element-populated\">\n\t\t\t\t\t\t\t\t<div class=\"elementor-element elementor-element-38f3183 elementor-widget elementor-widget-heading\" data-id=\"38f3183\" data-element_type=\"widget\" data-widget_type=\"heading.default\">\n\t\t\t\t<div class=\"elementor-widget-container\">\n\t\t\t<h5 class=\"elementor-heading-title elementor-size-default\">Pol\u00edticas<\/h5>\t\t<\/div>\n\t\t\t\t<\/div>\n\t\t\t\t<div class=\"elementor-element elementor-element-32819ea elementor-widget elementor-widget-text-editor\" data-id=\"32819ea\" data-element_type=\"widget\" data-widget_type=\"text-editor.default\">\n\t\t\t\t<div class=\"elementor-widget-container\">\n\t\t\t\t\t\t\t\t<p><a href=\"https:\/\/www.cotaxi.com.co\/wp-content\/uploads\/2025\/10\/CONTRATO_TRANSPORTE_PASAJEROS.pdf\" target=\"_blank\" rel=\"noopener\">Contrato de transporte<\/a><\/p><p><a href=\"https:\/\/www.cotaxi.com.co\/wp-content\/uploads\/2025\/08\/PO-RAN-01-Politica-de-transporte-de-mascotas-REV.pdf\" target=\"_blank\" rel=\"noopener\">Pol\u00edtica transporte de mascotas<\/a><\/p><p><a href=\"https:\/\/www.cotaxi.com.co\/wp-content\/uploads\/2025\/08\/PO-RAN-02-Politica-y-recomendaciones-para-transporte-de-menores-de-edad-REV.pdf\" target=\"_blank\" rel=\"noopener\">Pol\u00edtica transporte menores de edad<\/a><\/p><p><a href=\"https:\/\/www.cotaxi.com.co\/wp-content\/uploads\/2025\/10\/POLITICA-DEL-SGI.pdf\" target=\"_blank\" rel=\"noopener\">Pol\u00edtica de calidad<\/a><\/p>\t\t\t\t\t\t<\/div>\n\t\t\t\t<\/div>\n\t\t\t\t\t<\/div>\n\t\t<\/div>\n\t\t\t\t\t\t\t<\/div>\n\t\t<\/section>\n\t\t\t\t\t\t<\/div>\n\t\t\t\t\t<\/div>\n\t\t","protected":false},"excerpt":{"rendered":"<p>Pol\u00edticas POLITICA Y RECOMENDACIONES PARA TRANSPORTE DE MENORES DE EDAD AUTORIZACI\u00d3N DE VIAJE PARA NI\u00d1OS, NI\u00d1AS Y ADOLESCENTES POLITICA PARA EL TRANSPORTE DE MASCOTAS CONTRATO TRANSPORTE PASAJEROS POLITICA DE EQUIPAJE Sobre Cotaxi Qui\u00e9nes somos Historia Misi\u00f3n y Visi\u00f3n Certificaciones Atenci\u00f3n al Usuario Oficinas y puntos de atenci\u00f3n Email: pqr@cotaxi.com.co Atenci\u00f3n al usuario: 312 5953928 Formulario &hellip;<\/p>\n<p class=\"read-more\"> <a class=\"\" href=\"https:\/\/www.cotaxi.com.co\/index.php\/about\/\"> <span class=\"screen-reader-text\">Corporativo<\/span> Leer m\u00e1s &raquo;<\/a><\/p>\n","protected":false},"author":1,"featured_media":0,"parent":0,"menu_order":0,"comment_status":"closed","ping_status":"closed","template":"","meta":[],"_links":{"self":[{"href":"https:\/\/www.cotaxi.com.co\/index.php\/wp-json\/wp\/v2\/pages\/290"}],"collection":[{"href":"https:\/\/www.cotaxi.com.co\/index.php\/wp-json\/wp\/v2\/pages"}],"about":[{"href":"https:\/\/www.cotaxi.com.co\/index.php\/wp-json\/wp\/v2\/types\/page"}],"author":[{"embeddable":true,"href":"https:\/\/www.cotaxi.com.co\/index.php\/wp-json\/wp\/v2\/users\/1"}],"replies":[{"embeddable":true,"href":"https:\/\/www.cotaxi.com.co\/index.php\/wp-json\/wp\/v2\/comments?post=290"}],"version-history":[{"count":53,"href":"https:\/\/www.cotaxi.com.co\/index.php\/wp-json\/wp\/v2\/pages\/290\/revisions"}],"predecessor-version":[{"id":2996,"href":"https:\/\/www.cotaxi.com.co\/index.php\/wp-json\/wp\/v2\/pages\/290\/revisions\/2996"}],"wp:attachment":[{"href":"https:\/\/www.cotaxi.com.co\/index.php\/wp-json\/wp\/v2\/media?parent=290"}],"curies":[{"name":"wp","href":"https:\/\/api.w.org\/{rel}","templated":true}]}}