{"id":2720,"date":"2025-10-27T14:56:08","date_gmt":"2025-10-27T14:56:08","guid":{"rendered":"https:\/\/www.cotaxi.com.co\/?page_id=2720"},"modified":"2025-10-27T21:23:19","modified_gmt":"2025-10-27T21:23:19","slug":"gruas","status":"publish","type":"page","link":"https:\/\/www.cotaxi.com.co\/index.php\/gruas\/","title":{"rendered":"Gr\u00faas"},"content":{"rendered":"\t\t<div data-elementor-type=\"wp-page\" data-elementor-id=\"2720\" class=\"elementor elementor-2720\" data-elementor-settings=\"[]\">\n\t\t\t\t\t\t\t<div class=\"elementor-section-wrap\">\n\t\t\t\t\t\t\t<section class=\"elementor-section elementor-top-section elementor-element elementor-element-626a26c elementor-section-height-min-height elementor-section-content-middle elementor-section-boxed elementor-section-height-default elementor-section-items-middle\" data-id=\"626a26c\" data-element_type=\"section\" data-settings=\"{&quot;background_background&quot;:&quot;classic&quot;}\">\n\t\t\t\t\t\t\t<div class=\"elementor-background-overlay\"><\/div>\n\t\t\t\t\t\t\t<div class=\"elementor-container elementor-column-gap-default\">\n\t\t\t\t\t<div class=\"elementor-column elementor-col-100 elementor-top-column elementor-element elementor-element-91509ce\" data-id=\"91509ce\" data-element_type=\"column\">\n\t\t\t<div class=\"elementor-widget-wrap elementor-element-populated\">\n\t\t\t\t\t\t\t\t<div class=\"elementor-element elementor-element-92e57cc elementor-widget elementor-widget-heading\" data-id=\"92e57cc\" data-element_type=\"widget\" data-widget_type=\"heading.default\">\n\t\t\t\t<div class=\"elementor-widget-container\">\n\t\t\t<h2 class=\"elementor-heading-title elementor-size-xxl\">Servicio de Gr\u00faas<\/h2>\t\t<\/div>\n\t\t\t\t<\/div>\n\t\t\t\t<div class=\"elementor-element elementor-element-d674cba elementor-widget elementor-widget-text-editor\" data-id=\"d674cba\" data-element_type=\"widget\" data-widget_type=\"text-editor.default\">\n\t\t\t\t<div class=\"elementor-widget-container\">\n\t\t\t\t\t\t\t\t<h5><span style=\"color: #ffffff;\">Asistencia inmediata y segura para veh\u00edculos livianos y pesados, disponible las 24 horas.<\/span><\/h5>\t\t\t\t\t\t<\/div>\n\t\t\t\t<\/div>\n\t\t\t\t<div class=\"elementor-element elementor-element-4adc9c1 elementor-button-warning elementor-widget elementor-widget-button\" data-id=\"4adc9c1\" data-element_type=\"widget\" data-widget_type=\"button.default\">\n\t\t\t\t<div class=\"elementor-widget-container\">\n\t\t\t\t\t<div class=\"elementor-button-wrapper\">\n\t\t\t<a href=\"https:\/\/wa.me\/573203762810?text=Hola%2C%20quiero%20cotizar%20un%20servicio%20de%20transporte%20de%20combustible%20con%20COTAXI.\" target=\"_blank\" class=\"elementor-button-link elementor-button elementor-size-sm\" role=\"button\">\n\t\t\t\t\t\t<span class=\"elementor-button-content-wrapper\">\n\t\t\t\t\t\t<span class=\"elementor-button-text\">\ud83d\udea8 \u00a1Solicita tu gr\u00faa ahora!<\/span>\n\t\t<\/span>\n\t\t\t\t\t<\/a>\n\t\t<\/div>\n\t\t\t\t<\/div>\n\t\t\t\t<\/div>\n\t\t\t\t\t<\/div>\n\t\t<\/div>\n\t\t\t\t\t\t\t<\/div>\n\t\t<\/section>\n\t\t\t\t<section class=\"elementor-section elementor-top-section elementor-element elementor-element-ab4c251 elementor-section-boxed elementor-section-height-default elementor-section-height-default\" data-id=\"ab4c251\" data-element_type=\"section\">\n\t\t\t\t\t\t\t<div class=\"elementor-background-overlay\"><\/div>\n\t\t\t\t\t\t\t<div class=\"elementor-container elementor-column-gap-default\">\n\t\t\t\t\t<div class=\"elementor-column elementor-col-50 elementor-top-column elementor-element elementor-element-3a0a52a\" data-id=\"3a0a52a\" data-element_type=\"column\">\n\t\t\t<div class=\"elementor-widget-wrap elementor-element-populated\">\n\t\t\t\t\t\t\t\t<div class=\"elementor-element elementor-element-02a1145 elementor-widget elementor-widget-heading\" data-id=\"02a1145\" data-element_type=\"widget\" data-widget_type=\"heading.default\">\n\t\t\t\t<div class=\"elementor-widget-container\">\n\t\t\t<h2 class=\"elementor-heading-title elementor-size-default\">Respuesta r\u00e1pida en cualquier punto de la regi\u00f3n<\/h2>\t\t<\/div>\n\t\t\t\t<\/div>\n\t\t\t\t<div class=\"elementor-element elementor-element-654f78a elementor-widget elementor-widget-text-editor\" data-id=\"654f78a\" data-element_type=\"widget\" data-widget_type=\"text-editor.default\">\n\t\t\t\t<div class=\"elementor-widget-container\">\n\t\t\t\t\t\t\t\t<p data-start=\"1097\" data-end=\"1275\">Nuestro <strong data-start=\"1105\" data-end=\"1133\">servicio de gr\u00faas COTAXI<\/strong> est\u00e1 disponible las <strong data-start=\"1154\" data-end=\"1174\">24 horas del d\u00eda<\/strong>, los <strong data-start=\"1180\" data-end=\"1203\">7 d\u00edas de la semana<\/strong>, para atender emergencias viales, accidentes o traslados programados.<\/p><p data-start=\"1282\" data-end=\"1437\">Contamos con <strong data-start=\"1295\" data-end=\"1323\">veh\u00edculos especializados<\/strong>, operadores capacitados y cobertura en toda la regi\u00f3n, asegurando un traslado <strong data-start=\"1402\" data-end=\"1434\">seguro, oportuno y eficiente<\/strong>.<\/p>\t\t\t\t\t\t<\/div>\n\t\t\t\t<\/div>\n\t\t\t\t\t<\/div>\n\t\t<\/div>\n\t\t\t\t<div class=\"elementor-column elementor-col-50 elementor-top-column elementor-element elementor-element-0cc6db3\" data-id=\"0cc6db3\" data-element_type=\"column\">\n\t\t\t<div class=\"elementor-widget-wrap elementor-element-populated\">\n\t\t\t\t\t\t\t\t<div class=\"elementor-element elementor-element-4e3ca64 elementor-widget elementor-widget-image\" data-id=\"4e3ca64\" data-element_type=\"widget\" data-widget_type=\"image.default\">\n\t\t\t\t<div class=\"elementor-widget-container\">\n\t\t\t\t\t\t\t\t\t\t\t\t\t\t\t<img width=\"577\" height=\"433\" src=\"https:\/\/www.cotaxi.com.co\/wp-content\/uploads\/2025\/10\/grua4.png\" class=\"attachment-large size-large\" alt=\"\" loading=\"lazy\" srcset=\"https:\/\/www.cotaxi.com.co\/wp-content\/uploads\/2025\/10\/grua4.png 577w, https:\/\/www.cotaxi.com.co\/wp-content\/uploads\/2025\/10\/grua4-300x225.png 300w\" sizes=\"(max-width: 577px) 100vw, 577px\" \/>\t\t\t\t\t\t\t\t\t\t\t\t\t\t\t<\/div>\n\t\t\t\t<\/div>\n\t\t\t\t\t<\/div>\n\t\t<\/div>\n\t\t\t\t\t\t\t<\/div>\n\t\t<\/section>\n\t\t\t\t<section class=\"elementor-section elementor-top-section elementor-element elementor-element-1a15323 elementor-section-boxed elementor-section-height-default elementor-section-height-default\" data-id=\"1a15323\" data-element_type=\"section\">\n\t\t\t\t\t\t\t<div class=\"elementor-background-overlay\"><\/div>\n\t\t\t\t\t\t\t<div class=\"elementor-container elementor-column-gap-default\">\n\t\t\t\t\t<div class=\"elementor-column elementor-col-33 elementor-top-column elementor-element elementor-element-5c705ca\" data-id=\"5c705ca\" data-element_type=\"column\">\n\t\t\t<div class=\"elementor-widget-wrap elementor-element-populated\">\n\t\t\t\t\t\t\t\t<div class=\"elementor-element elementor-element-e9e441a elementor-view-default elementor-position-top elementor-vertical-align-top elementor-widget elementor-widget-icon-box\" data-id=\"e9e441a\" data-element_type=\"widget\" data-widget_type=\"icon-box.default\">\n\t\t\t\t<div class=\"elementor-widget-container\">\n\t\t\t\t\t<div class=\"elementor-icon-box-wrapper\">\n\t\t\t\t\t\t<div class=\"elementor-icon-box-icon\">\n\t\t\t\t<span class=\"elementor-icon elementor-animation-\" >\n\t\t\t\t<i aria-hidden=\"true\" class=\"fas fa-car\"><\/i>\t\t\t\t<\/span>\n\t\t\t<\/div>\n\t\t\t\t\t\t<div class=\"elementor-icon-box-content\">\n\t\t\t\t<h3 class=\"elementor-icon-box-title\">\n\t\t\t\t\t<span >Remolque de veh\u00edculos livianos y motocicletas<\/span>\n\t\t\t\t<\/h3>\n\t\t\t\t\t\t\t<\/div>\n\t\t<\/div>\n\t\t\t\t<\/div>\n\t\t\t\t<\/div>\n\t\t\t\t\t<\/div>\n\t\t<\/div>\n\t\t\t\t<div class=\"elementor-column elementor-col-33 elementor-top-column elementor-element elementor-element-c036550\" data-id=\"c036550\" data-element_type=\"column\">\n\t\t\t<div class=\"elementor-widget-wrap elementor-element-populated\">\n\t\t\t\t\t\t\t\t<div class=\"elementor-element elementor-element-fb25f29 elementor-view-default elementor-position-top elementor-vertical-align-top elementor-widget elementor-widget-icon-box\" data-id=\"fb25f29\" data-element_type=\"widget\" data-widget_type=\"icon-box.default\">\n\t\t\t\t<div class=\"elementor-widget-container\">\n\t\t\t\t\t<div class=\"elementor-icon-box-wrapper\">\n\t\t\t\t\t\t<div class=\"elementor-icon-box-icon\">\n\t\t\t\t<span class=\"elementor-icon elementor-animation-\" >\n\t\t\t\t<i aria-hidden=\"true\" class=\"fas fa-tools\"><\/i>\t\t\t\t<\/span>\n\t\t\t<\/div>\n\t\t\t\t\t\t<div class=\"elementor-icon-box-content\">\n\t\t\t\t<h3 class=\"elementor-icon-box-title\">\n\t\t\t\t\t<span >Asistencia en varadas, accidentes y traslados por mantenimiento<\/span>\n\t\t\t\t<\/h3>\n\t\t\t\t\t\t\t<\/div>\n\t\t<\/div>\n\t\t\t\t<\/div>\n\t\t\t\t<\/div>\n\t\t\t\t\t<\/div>\n\t\t<\/div>\n\t\t\t\t<div class=\"elementor-column elementor-col-33 elementor-top-column elementor-element elementor-element-5dc9498\" data-id=\"5dc9498\" data-element_type=\"column\">\n\t\t\t<div class=\"elementor-widget-wrap elementor-element-populated\">\n\t\t\t\t\t\t\t\t<div class=\"elementor-element elementor-element-ef97654 elementor-view-default elementor-position-top elementor-vertical-align-top elementor-widget elementor-widget-icon-box\" data-id=\"ef97654\" data-element_type=\"widget\" data-widget_type=\"icon-box.default\">\n\t\t\t\t<div class=\"elementor-widget-container\">\n\t\t\t\t\t<div class=\"elementor-icon-box-wrapper\">\n\t\t\t\t\t\t<div class=\"elementor-icon-box-icon\">\n\t\t\t\t<span class=\"elementor-icon elementor-animation-\" >\n\t\t\t\t<i aria-hidden=\"true\" class=\"far fa-clock\"><\/i>\t\t\t\t<\/span>\n\t\t\t<\/div>\n\t\t\t\t\t\t<div class=\"elementor-icon-box-content\">\n\t\t\t\t<h3 class=\"elementor-icon-box-title\">\n\t\t\t\t\t<span >Servicio 24\/7 con respuesta r\u00e1pida y seguimiento en tiempo real<\/span>\n\t\t\t\t<\/h3>\n\t\t\t\t\t\t\t<\/div>\n\t\t<\/div>\n\t\t\t\t<\/div>\n\t\t\t\t<\/div>\n\t\t\t\t\t<\/div>\n\t\t<\/div>\n\t\t\t\t\t\t\t<\/div>\n\t\t<\/section>\n\t\t\t\t<section class=\"elementor-section elementor-top-section elementor-element elementor-element-38a305b elementor-section-boxed elementor-section-height-default elementor-section-height-default\" data-id=\"38a305b\" data-element_type=\"section\">\n\t\t\t\t\t\t<div class=\"elementor-container elementor-column-gap-default\">\n\t\t\t\t\t<div class=\"elementor-column elementor-col-100 elementor-top-column elementor-element elementor-element-d3db4a6\" data-id=\"d3db4a6\" data-element_type=\"column\">\n\t\t\t<div class=\"elementor-widget-wrap elementor-element-populated\">\n\t\t\t\t\t\t\t\t<div class=\"elementor-element elementor-element-b89876a elementor-widget elementor-widget-heading\" data-id=\"b89876a\" data-element_type=\"widget\" data-widget_type=\"heading.default\">\n\t\t\t\t<div class=\"elementor-widget-container\">\n\t\t\t<h2 class=\"elementor-heading-title elementor-size-default\">Seguridad, experiencia y confianza en cada traslado<\/h2>\t\t<\/div>\n\t\t\t\t<\/div>\n\t\t\t\t<div class=\"elementor-element elementor-element-fa279e7 elementor-widget elementor-widget-text-editor\" data-id=\"fa279e7\" data-element_type=\"widget\" data-widget_type=\"text-editor.default\">\n\t\t\t\t<div class=\"elementor-widget-container\">\n\t\t\t\t\t\t\t\t<ul><li data-start=\"2078\" data-end=\"2121\"><p data-start=\"2080\" data-end=\"2121\">Personal altamente capacitado y amable.<\/p><\/li><li data-start=\"2124\" data-end=\"2186\"><p data-start=\"2126\" data-end=\"2186\">Gr\u00faas en \u00f3ptimo estado t\u00e9cnico y revisadas constantemente.<\/p><\/li><li data-start=\"2189\" data-end=\"2251\"><p data-start=\"2191\" data-end=\"2251\">Atenci\u00f3n inmediata a trav\u00e9s de WhatsApp o llamada directa.<\/p><\/li><li data-start=\"2254\" data-end=\"2309\"><p data-start=\"2256\" data-end=\"2309\">Tarifas justas y transparentes, sin costos ocultos.<\/p><\/li><li data-start=\"2312\" data-end=\"2372\"><p data-start=\"2314\" data-end=\"2372\">Acompa\u00f1amiento hasta la entrega del veh\u00edculo en destino.<\/p><\/li><\/ul>\t\t\t\t\t\t<\/div>\n\t\t\t\t<\/div>\n\t\t\t\t<div class=\"elementor-element elementor-element-0de7cf4 elementor-button-info elementor-align-center elementor-widget elementor-widget-button\" data-id=\"0de7cf4\" data-element_type=\"widget\" data-widget_type=\"button.default\">\n\t\t\t\t<div class=\"elementor-widget-container\">\n\t\t\t\t\t<div class=\"elementor-button-wrapper\">\n\t\t\t<a href=\"https:\/\/wa.me\/573203762810?text=Hola%2C%20quiero%20cotizar%20un%20servicio%20de%20transporte%20de%20combustible%20con%20COTAXI.\" target=\"_blank\" class=\"elementor-button-link elementor-button elementor-size-sm\" role=\"button\">\n\t\t\t\t\t\t<span class=\"elementor-button-content-wrapper\">\n\t\t\t\t\t\t<span class=\"elementor-button-text\">\ud83d\udea8 \u00a1Solicita tu gr\u00faa ahora!<\/span>\n\t\t<\/span>\n\t\t\t\t\t<\/a>\n\t\t<\/div>\n\t\t\t\t<\/div>\n\t\t\t\t<\/div>\n\t\t\t\t\t<\/div>\n\t\t<\/div>\n\t\t\t\t\t\t\t<\/div>\n\t\t<\/section>\n\t\t\t\t<section class=\"elementor-section elementor-top-section elementor-element elementor-element-69b245db elementor-section-content-middle elementor-section-height-min-height elementor-section-boxed elementor-section-height-default elementor-section-items-middle\" data-id=\"69b245db\" data-element_type=\"section\" data-settings=\"{&quot;background_background&quot;:&quot;classic&quot;}\">\n\t\t\t\t\t\t<div class=\"elementor-container elementor-column-gap-no\">\n\t\t\t\t\t<div class=\"elementor-column elementor-col-20 elementor-top-column elementor-element elementor-element-4f52abff\" data-id=\"4f52abff\" data-element_type=\"column\">\n\t\t\t<div class=\"elementor-widget-wrap elementor-element-populated\">\n\t\t\t\t\t\t\t\t<div class=\"elementor-element elementor-element-2e216f9 elementor-widget elementor-widget-image\" data-id=\"2e216f9\" data-element_type=\"widget\" data-widget_type=\"image.default\">\n\t\t\t\t<div class=\"elementor-widget-container\">\n\t\t\t\t\t\t\t\t\t\t\t\t\t\t\t\t<a href=\"https:\/\/www.cotaxi.com.co\/\" target=\"_blank\">\n\t\t\t\t\t\t\t<img width=\"150\" height=\"150\" src=\"https:\/\/www.cotaxi.com.co\/wp-content\/uploads\/2024\/01\/perfil-wsp-cotaxi-2024-150x150.png\" class=\"attachment-thumbnail size-thumbnail\" alt=\"\" loading=\"lazy\" srcset=\"https:\/\/www.cotaxi.com.co\/wp-content\/uploads\/2024\/01\/perfil-wsp-cotaxi-2024-150x150.png 150w, https:\/\/www.cotaxi.com.co\/wp-content\/uploads\/2024\/01\/perfil-wsp-cotaxi-2024-300x300.png 300w, https:\/\/www.cotaxi.com.co\/wp-content\/uploads\/2024\/01\/perfil-wsp-cotaxi-2024-1024x1024.png 1024w, https:\/\/www.cotaxi.com.co\/wp-content\/uploads\/2024\/01\/perfil-wsp-cotaxi-2024-768x768.png 768w, https:\/\/www.cotaxi.com.co\/wp-content\/uploads\/2024\/01\/perfil-wsp-cotaxi-2024.png 1080w\" sizes=\"(max-width: 150px) 100vw, 150px\" \/>\t\t\t\t\t\t\t\t<\/a>\n\t\t\t\t\t\t\t\t\t\t\t\t\t\t\t<\/div>\n\t\t\t\t<\/div>\n\t\t\t\t\t<\/div>\n\t\t<\/div>\n\t\t\t\t<div class=\"elementor-column elementor-col-20 elementor-top-column elementor-element elementor-element-32d13ecb\" data-id=\"32d13ecb\" data-element_type=\"column\">\n\t\t\t<div class=\"elementor-widget-wrap elementor-element-populated\">\n\t\t\t\t\t\t\t\t<div class=\"elementor-element elementor-element-141c1303 elementor-widget elementor-widget-heading\" data-id=\"141c1303\" data-element_type=\"widget\" data-widget_type=\"heading.default\">\n\t\t\t\t<div class=\"elementor-widget-container\">\n\t\t\t<h5 class=\"elementor-heading-title elementor-size-default\">Sobre Cotaxi<\/h5>\t\t<\/div>\n\t\t\t\t<\/div>\n\t\t\t\t<div class=\"elementor-element elementor-element-3ca96e5d elementor-widget elementor-widget-text-editor\" data-id=\"3ca96e5d\" data-element_type=\"widget\" data-widget_type=\"text-editor.default\">\n\t\t\t\t<div class=\"elementor-widget-container\">\n\t\t\t\t\t\t\t\t<p><a href=\"https:\/\/www.cotaxi.com.co\/index.php\/facilities\/\" target=\"_blank\" rel=\"noopener\">Qui\u00e9nes somos<\/a><\/p><p><a href=\"https:\/\/www.cotaxi.com.co\/index.php\/facilities\/\" target=\"_blank\" rel=\"noopener\">Historia<\/a><\/p><p><a href=\"https:\/\/www.cotaxi.com.co\/index.php\/facilities\/\" target=\"_blank\" rel=\"noopener\">Misi\u00f3n y Visi\u00f3n<\/a><\/p><p><a href=\"https:\/\/www.cotaxi.com.co\/wp-content\/uploads\/2025\/02\/icontec-2025.pdf\" target=\"_blank\" rel=\"noopener\">Certificaciones<\/a><\/p>\t\t\t\t\t\t<\/div>\n\t\t\t\t<\/div>\n\t\t\t\t\t<\/div>\n\t\t<\/div>\n\t\t\t\t<div class=\"elementor-column elementor-col-20 elementor-top-column elementor-element elementor-element-1261c20b\" data-id=\"1261c20b\" data-element_type=\"column\">\n\t\t\t<div class=\"elementor-widget-wrap elementor-element-populated\">\n\t\t\t\t\t\t\t\t<div class=\"elementor-element elementor-element-6d6f33ea elementor-widget elementor-widget-heading\" data-id=\"6d6f33ea\" data-element_type=\"widget\" data-widget_type=\"heading.default\">\n\t\t\t\t<div class=\"elementor-widget-container\">\n\t\t\t<h5 class=\"elementor-heading-title elementor-size-default\">Atenci\u00f3n al Usuario<\/h5>\t\t<\/div>\n\t\t\t\t<\/div>\n\t\t\t\t<div class=\"elementor-element elementor-element-7da0681 elementor-widget elementor-widget-text-editor\" data-id=\"7da0681\" data-element_type=\"widget\" data-widget_type=\"text-editor.default\">\n\t\t\t\t<div class=\"elementor-widget-container\">\n\t\t\t\t\t\t\t\t<p><a href=\"https:\/\/www.cotaxi.com.co\/wp-content\/uploads\/2024\/01\/oficinas_cotaxi.pdf\" target=\"_blank\" rel=\"noopener\">Oficinas y puntos de atenci\u00f3n<\/a><\/p><p><a href=\"mailto:pqr@cotaxi.com.co\" target=\"_blank\" rel=\"noopener\">Email: pqr@cotaxi.com.co<\/a><\/p><p><a href=\"https:\/\/wa.me\/573125953928?text=Hola\" target=\"_blank\" rel=\"noopener\">Atenci\u00f3n al usuario: 312 5953928<\/a><\/p><p><a href=\"https:\/\/silogcotaxierp.serviciosproductivos.com.co\/Pqr_mod\/pqr_web.php\" target=\"_blank\" rel=\"noopener\">Formulario de PQRS<\/a><\/p>\t\t\t\t\t\t<\/div>\n\t\t\t\t<\/div>\n\t\t\t\t\t<\/div>\n\t\t<\/div>\n\t\t\t\t<div class=\"elementor-column elementor-col-20 elementor-top-column elementor-element elementor-element-57a94af6\" data-id=\"57a94af6\" data-element_type=\"column\">\n\t\t\t<div class=\"elementor-widget-wrap elementor-element-populated\">\n\t\t\t\t\t\t\t\t<div class=\"elementor-element elementor-element-7548328e elementor-widget elementor-widget-heading\" data-id=\"7548328e\" data-element_type=\"widget\" data-widget_type=\"heading.default\">\n\t\t\t\t<div class=\"elementor-widget-container\">\n\t\t\t<h5 class=\"elementor-heading-title elementor-size-default\">Formatos y Documentos<\/h5>\t\t<\/div>\n\t\t\t\t<\/div>\n\t\t\t\t<div class=\"elementor-element elementor-element-71ae6e9d elementor-widget elementor-widget-text-editor\" data-id=\"71ae6e9d\" data-element_type=\"widget\" data-widget_type=\"text-editor.default\">\n\t\t\t\t<div class=\"elementor-widget-container\">\n\t\t\t\t\t\t\t\t<p><a href=\"https:\/\/erpcotaxi.sitransas.com.co\/registers\" target=\"_blank\" rel=\"noopener\">Registro de clientes<\/a><\/p><p><a href=\"https:\/\/www.cotaxi.com.co\/index.php\/privacy-policy\/\" target=\"_blank\" rel=\"noopener\">Tratamiento de datos<\/a><\/p><p><a href=\"https:\/\/www.cotaxi.com.co\/wp-content\/uploads\/2024\/05\/AUTORIZACION-VIAJE-NINOS-ADOLESCENTES.pdf\" target=\"_blank\" rel=\"noopener\">Autorizaci\u00f3n de viaje para menores de edad<\/a><\/p><p><a href=\"https:\/\/www.cotaxi.com.co\/index.php\/rezagos\/\" target=\"_blank\" rel=\"noopener\">Rezagos<\/a><\/p>\t\t\t\t\t\t<\/div>\n\t\t\t\t<\/div>\n\t\t\t\t\t<\/div>\n\t\t<\/div>\n\t\t\t\t<div class=\"elementor-column elementor-col-20 elementor-top-column elementor-element elementor-element-448f0f33\" data-id=\"448f0f33\" data-element_type=\"column\">\n\t\t\t<div class=\"elementor-widget-wrap elementor-element-populated\">\n\t\t\t\t\t\t\t\t<div class=\"elementor-element elementor-element-771a2ea2 elementor-widget elementor-widget-heading\" data-id=\"771a2ea2\" data-element_type=\"widget\" data-widget_type=\"heading.default\">\n\t\t\t\t<div class=\"elementor-widget-container\">\n\t\t\t<h5 class=\"elementor-heading-title elementor-size-default\">Pol\u00edticas<\/h5>\t\t<\/div>\n\t\t\t\t<\/div>\n\t\t\t\t<div class=\"elementor-element elementor-element-146171e2 elementor-widget elementor-widget-text-editor\" data-id=\"146171e2\" data-element_type=\"widget\" data-widget_type=\"text-editor.default\">\n\t\t\t\t<div class=\"elementor-widget-container\">\n\t\t\t\t\t\t\t\t<p><a href=\"https:\/\/www.cotaxi.com.co\/wp-content\/uploads\/2025\/10\/CONTRATO_TRANSPORTE_PASAJEROS.pdf\" target=\"_blank\" rel=\"noopener\">Contrato de transporte<\/a><\/p><p><a href=\"https:\/\/www.cotaxi.com.co\/wp-content\/uploads\/2025\/08\/PO-RAN-01-Politica-de-transporte-de-mascotas-REV.pdf\" target=\"_blank\" rel=\"noopener\">Pol\u00edtica transporte de mascotas<\/a><\/p><p><a href=\"https:\/\/www.cotaxi.com.co\/wp-content\/uploads\/2025\/08\/PO-RAN-02-Politica-y-recomendaciones-para-transporte-de-menores-de-edad-REV.pdf\" target=\"_blank\" rel=\"noopener\">Pol\u00edtica transporte menores de edad<\/a><\/p><p><a href=\"https:\/\/www.cotaxi.com.co\/wp-content\/uploads\/2025\/10\/POLITICA-DEL-SGI.pdf\" target=\"_blank\" rel=\"noopener\">Pol\u00edtica de calidad<\/a><\/p>\t\t\t\t\t\t<\/div>\n\t\t\t\t<\/div>\n\t\t\t\t\t<\/div>\n\t\t<\/div>\n\t\t\t\t\t\t\t<\/div>\n\t\t<\/section>\n\t\t\t\t\t\t<\/div>\n\t\t\t\t\t<\/div>\n\t\t","protected":false},"excerpt":{"rendered":"<p>Servicio de Gr\u00faas Asistencia inmediata y segura para veh\u00edculos livianos y pesados, disponible las 24 horas. \ud83d\udea8 \u00a1Solicita tu gr\u00faa ahora! Respuesta r\u00e1pida en cualquier punto de la regi\u00f3n Nuestro servicio de gr\u00faas COTAXI est\u00e1 disponible las 24 horas del d\u00eda, los 7 d\u00edas de la semana, para atender emergencias viales, accidentes o traslados programados. &hellip;<\/p>\n<p class=\"read-more\"> <a class=\"\" href=\"https:\/\/www.cotaxi.com.co\/index.php\/gruas\/\"> <span class=\"screen-reader-text\">Gr\u00faas<\/span> Leer m\u00e1s &raquo;<\/a><\/p>\n","protected":false},"author":3,"featured_media":0,"parent":0,"menu_order":0,"comment_status":"closed","ping_status":"closed","template":"","meta":[],"_links":{"self":[{"href":"https:\/\/www.cotaxi.com.co\/index.php\/wp-json\/wp\/v2\/pages\/2720"}],"collection":[{"href":"https:\/\/www.cotaxi.com.co\/index.php\/wp-json\/wp\/v2\/pages"}],"about":[{"href":"https:\/\/www.cotaxi.com.co\/index.php\/wp-json\/wp\/v2\/types\/page"}],"author":[{"embeddable":true,"href":"https:\/\/www.cotaxi.com.co\/index.php\/wp-json\/wp\/v2\/users\/3"}],"replies":[{"embeddable":true,"href":"https:\/\/www.cotaxi.com.co\/index.php\/wp-json\/wp\/v2\/comments?post=2720"}],"version-history":[{"count":14,"href":"https:\/\/www.cotaxi.com.co\/index.php\/wp-json\/wp\/v2\/pages\/2720\/revisions"}],"predecessor-version":[{"id":2918,"href":"https:\/\/www.cotaxi.com.co\/index.php\/wp-json\/wp\/v2\/pages\/2720\/revisions\/2918"}],"wp:attachment":[{"href":"https:\/\/www.cotaxi.com.co\/index.php\/wp-json\/wp\/v2\/media?parent=2720"}],"curies":[{"name":"wp","href":"https:\/\/api.w.org\/{rel}","templated":true}]}}