{"id":2696,"date":"2025-10-24T17:17:01","date_gmt":"2025-10-24T17:17:01","guid":{"rendered":"https:\/\/www.cotaxi.com.co\/?page_id=2696"},"modified":"2025-12-04T19:55:19","modified_gmt":"2025-12-04T19:55:19","slug":"eds-san-carlos","status":"publish","type":"page","link":"https:\/\/www.cotaxi.com.co\/index.php\/eds-san-carlos\/","title":{"rendered":"EDS San Carlos"},"content":{"rendered":"\t\t<div data-elementor-type=\"wp-page\" data-elementor-id=\"2696\" class=\"elementor elementor-2696\" data-elementor-settings=\"[]\">\n\t\t\t\t\t\t\t<div class=\"elementor-section-wrap\">\n\t\t\t\t\t\t\t<section class=\"elementor-section elementor-top-section elementor-element elementor-element-8b174e3 elementor-section-height-min-height elementor-section-content-middle elementor-section-boxed elementor-section-height-default elementor-section-items-middle\" data-id=\"8b174e3\" data-element_type=\"section\" data-settings=\"{&quot;background_background&quot;:&quot;classic&quot;}\">\n\t\t\t\t\t\t\t<div class=\"elementor-background-overlay\"><\/div>\n\t\t\t\t\t\t\t<div class=\"elementor-container elementor-column-gap-default\">\n\t\t\t\t\t<div class=\"elementor-column elementor-col-100 elementor-top-column elementor-element elementor-element-4e26f6b\" data-id=\"4e26f6b\" data-element_type=\"column\">\n\t\t\t<div class=\"elementor-widget-wrap elementor-element-populated\">\n\t\t\t\t\t\t\t\t<div class=\"elementor-element elementor-element-c176b40 elementor-widget elementor-widget-heading\" data-id=\"c176b40\" data-element_type=\"widget\" data-widget_type=\"heading.default\">\n\t\t\t\t<div class=\"elementor-widget-container\">\n\t\t\t<h2 class=\"elementor-heading-title elementor-size-xxl\">Estaci\u00f3n de Servicio San Carlos<\/h2>\t\t<\/div>\n\t\t\t\t<\/div>\n\t\t\t\t<div class=\"elementor-element elementor-element-a404445 elementor-widget elementor-widget-text-editor\" data-id=\"a404445\" data-element_type=\"widget\" data-widget_type=\"text-editor.default\">\n\t\t\t\t<div class=\"elementor-widget-container\">\n\t\t\t\t\t\t\t\t<h5><span style=\"color: #ffffff;\">Combustible de calidad, atenci\u00f3n r\u00e1pida y precios justos.<\/span><\/h5>\t\t\t\t\t\t<\/div>\n\t\t\t\t<\/div>\n\t\t\t\t\t<\/div>\n\t\t<\/div>\n\t\t\t\t\t\t\t<\/div>\n\t\t<\/section>\n\t\t\t\t<section class=\"elementor-section elementor-top-section elementor-element elementor-element-fe6a258 elementor-section-boxed elementor-section-height-default elementor-section-height-default\" data-id=\"fe6a258\" data-element_type=\"section\">\n\t\t\t\t\t\t\t<div class=\"elementor-background-overlay\"><\/div>\n\t\t\t\t\t\t\t<div class=\"elementor-container elementor-column-gap-default\">\n\t\t\t\t\t<div class=\"elementor-column elementor-col-50 elementor-top-column elementor-element elementor-element-915c843\" data-id=\"915c843\" data-element_type=\"column\">\n\t\t\t<div class=\"elementor-widget-wrap elementor-element-populated\">\n\t\t\t\t\t\t\t\t<div class=\"elementor-element elementor-element-5f1a2e6 elementor-widget elementor-widget-heading\" data-id=\"5f1a2e6\" data-element_type=\"widget\" data-widget_type=\"heading.default\">\n\t\t\t\t<div class=\"elementor-widget-container\">\n\t\t\t<h2 class=\"elementor-heading-title elementor-size-default\">\u00a1Llega, carga y sigue tu ruta con COTAXI EDS San Carlos!<\/h2>\t\t<\/div>\n\t\t\t\t<\/div>\n\t\t\t\t<div class=\"elementor-element elementor-element-1fb40fa elementor-widget elementor-widget-text-editor\" data-id=\"1fb40fa\" data-element_type=\"widget\" data-widget_type=\"text-editor.default\">\n\t\t\t\t<div class=\"elementor-widget-container\">\n\t\t\t\t\t\t\t\t<p data-start=\"985\" data-end=\"1142\">En la <strong data-start=\"991\" data-end=\"1022\">Estaci\u00f3n de Servicio SAN CARLOS <\/strong>ofrecemos <strong data-start=\"1033\" data-end=\"1088\">gasolina corriente, ACPM y UREA, <\/strong>\u00a0garantizando calidad, seguridad y servicio r\u00e1pido.<\/p><p data-start=\"1149\" data-end=\"1328\">Estamos ubicados estrat\u00e9gicamente para atender a <strong data-start=\"1198\" data-end=\"1281\">veh\u00edculos particulares, tractomulas, camiones, transporte p\u00fablico, maquinaria, empresas y flotas operativas<\/strong>, con personal capacitado 24\/7.<\/p>\t\t\t\t\t\t<\/div>\n\t\t\t\t<\/div>\n\t\t\t\t<div class=\"elementor-element elementor-element-4c441e1 elementor-widget elementor-widget-google_maps\" data-id=\"4c441e1\" data-element_type=\"widget\" data-widget_type=\"google_maps.default\">\n\t\t\t\t<div class=\"elementor-widget-container\">\n\t\t\t<div class=\"elementor-custom-embed\"><iframe frameborder=\"0\" scrolling=\"no\" marginheight=\"0\" marginwidth=\"0\" src=\"https:\/\/maps.google.com\/maps?q=Estaci%C3%B3n%20San%20Carlos%2C%20R%C3%ADo%20de%20Oro%2C%20Cesar&amp;t=m&amp;z=15&amp;output=embed&amp;iwloc=near\" title=\"Estaci\u00f3n San Carlos, R\u00edo de Oro, Cesar\" aria-label=\"Estaci\u00f3n San Carlos, R\u00edo de Oro, Cesar\"><\/iframe><\/div>\t\t<\/div>\n\t\t\t\t<\/div>\n\t\t\t\t\t<\/div>\n\t\t<\/div>\n\t\t\t\t<div class=\"elementor-column elementor-col-50 elementor-top-column elementor-element elementor-element-1f0af29\" data-id=\"1f0af29\" data-element_type=\"column\">\n\t\t\t<div class=\"elementor-widget-wrap elementor-element-populated\">\n\t\t\t\t\t\t\t\t<div class=\"elementor-element elementor-element-5b87861 elementor-widget elementor-widget-image\" data-id=\"5b87861\" data-element_type=\"widget\" data-widget_type=\"image.default\">\n\t\t\t\t<div class=\"elementor-widget-container\">\n\t\t\t\t\t\t\t\t\t\t\t\t\t\t\t<img width=\"960\" height=\"1280\" src=\"https:\/\/www.cotaxi.com.co\/wp-content\/uploads\/2025\/10\/EDS-SANCARLOS2.jpg\" class=\"attachment-full size-full\" alt=\"\" loading=\"lazy\" srcset=\"https:\/\/www.cotaxi.com.co\/wp-content\/uploads\/2025\/10\/EDS-SANCARLOS2.jpg 960w, https:\/\/www.cotaxi.com.co\/wp-content\/uploads\/2025\/10\/EDS-SANCARLOS2-225x300.jpg 225w, https:\/\/www.cotaxi.com.co\/wp-content\/uploads\/2025\/10\/EDS-SANCARLOS2-768x1024.jpg 768w\" sizes=\"(max-width: 960px) 100vw, 960px\" \/>\t\t\t\t\t\t\t\t\t\t\t\t\t\t\t<\/div>\n\t\t\t\t<\/div>\n\t\t\t\t\t<\/div>\n\t\t<\/div>\n\t\t\t\t\t\t\t<\/div>\n\t\t<\/section>\n\t\t\t\t<section class=\"elementor-section elementor-top-section elementor-element elementor-element-9f4adc8 elementor-section-content-middle elementor-section-height-min-height elementor-section-boxed elementor-section-height-default elementor-section-items-middle\" data-id=\"9f4adc8\" data-element_type=\"section\" data-settings=\"{&quot;background_background&quot;:&quot;classic&quot;}\">\n\t\t\t\t\t\t<div class=\"elementor-container elementor-column-gap-no\">\n\t\t\t\t\t<div class=\"elementor-column elementor-col-20 elementor-top-column elementor-element elementor-element-478094ba\" data-id=\"478094ba\" data-element_type=\"column\">\n\t\t\t<div class=\"elementor-widget-wrap elementor-element-populated\">\n\t\t\t\t\t\t\t\t<div class=\"elementor-element elementor-element-3d7357e3 elementor-widget elementor-widget-image\" data-id=\"3d7357e3\" data-element_type=\"widget\" data-widget_type=\"image.default\">\n\t\t\t\t<div class=\"elementor-widget-container\">\n\t\t\t\t\t\t\t\t\t\t\t\t\t\t\t\t<a href=\"https:\/\/www.cotaxi.com.co\/\" target=\"_blank\">\n\t\t\t\t\t\t\t<img width=\"150\" height=\"150\" src=\"https:\/\/www.cotaxi.com.co\/wp-content\/uploads\/2024\/01\/perfil-wsp-cotaxi-2024-150x150.png\" class=\"attachment-thumbnail size-thumbnail\" alt=\"\" loading=\"lazy\" srcset=\"https:\/\/www.cotaxi.com.co\/wp-content\/uploads\/2024\/01\/perfil-wsp-cotaxi-2024-150x150.png 150w, https:\/\/www.cotaxi.com.co\/wp-content\/uploads\/2024\/01\/perfil-wsp-cotaxi-2024-300x300.png 300w, https:\/\/www.cotaxi.com.co\/wp-content\/uploads\/2024\/01\/perfil-wsp-cotaxi-2024-1024x1024.png 1024w, https:\/\/www.cotaxi.com.co\/wp-content\/uploads\/2024\/01\/perfil-wsp-cotaxi-2024-768x768.png 768w, https:\/\/www.cotaxi.com.co\/wp-content\/uploads\/2024\/01\/perfil-wsp-cotaxi-2024.png 1080w\" sizes=\"(max-width: 150px) 100vw, 150px\" \/>\t\t\t\t\t\t\t\t<\/a>\n\t\t\t\t\t\t\t\t\t\t\t\t\t\t\t<\/div>\n\t\t\t\t<\/div>\n\t\t\t\t\t<\/div>\n\t\t<\/div>\n\t\t\t\t<div class=\"elementor-column elementor-col-20 elementor-top-column elementor-element elementor-element-25c7938\" data-id=\"25c7938\" data-element_type=\"column\">\n\t\t\t<div class=\"elementor-widget-wrap elementor-element-populated\">\n\t\t\t\t\t\t\t\t<div class=\"elementor-element elementor-element-57aa2932 elementor-widget elementor-widget-heading\" data-id=\"57aa2932\" data-element_type=\"widget\" data-widget_type=\"heading.default\">\n\t\t\t\t<div class=\"elementor-widget-container\">\n\t\t\t<h5 class=\"elementor-heading-title elementor-size-default\">Sobre Cotaxi<\/h5>\t\t<\/div>\n\t\t\t\t<\/div>\n\t\t\t\t<div class=\"elementor-element elementor-element-20d0c886 elementor-widget elementor-widget-text-editor\" data-id=\"20d0c886\" data-element_type=\"widget\" data-widget_type=\"text-editor.default\">\n\t\t\t\t<div class=\"elementor-widget-container\">\n\t\t\t\t\t\t\t\t<p><a href=\"https:\/\/www.cotaxi.com.co\/index.php\/facilities\/\" target=\"_blank\" rel=\"noopener\">Qui\u00e9nes somos<\/a><\/p><p><a href=\"https:\/\/www.cotaxi.com.co\/index.php\/facilities\/\" target=\"_blank\" rel=\"noopener\">Historia<\/a><\/p><p><a href=\"https:\/\/www.cotaxi.com.co\/index.php\/facilities\/\" target=\"_blank\" rel=\"noopener\">Misi\u00f3n y Visi\u00f3n<\/a><\/p><p><a href=\"https:\/\/www.cotaxi.com.co\/wp-content\/uploads\/2025\/02\/icontec-2025.pdf\" target=\"_blank\" rel=\"noopener\">Certificaciones<\/a><\/p>\t\t\t\t\t\t<\/div>\n\t\t\t\t<\/div>\n\t\t\t\t\t<\/div>\n\t\t<\/div>\n\t\t\t\t<div class=\"elementor-column elementor-col-20 elementor-top-column elementor-element elementor-element-63325fca\" data-id=\"63325fca\" data-element_type=\"column\">\n\t\t\t<div class=\"elementor-widget-wrap elementor-element-populated\">\n\t\t\t\t\t\t\t\t<div class=\"elementor-element elementor-element-1a3c1ce1 elementor-widget elementor-widget-heading\" data-id=\"1a3c1ce1\" data-element_type=\"widget\" data-widget_type=\"heading.default\">\n\t\t\t\t<div class=\"elementor-widget-container\">\n\t\t\t<h5 class=\"elementor-heading-title elementor-size-default\">Atenci\u00f3n al Usuario<\/h5>\t\t<\/div>\n\t\t\t\t<\/div>\n\t\t\t\t<div class=\"elementor-element elementor-element-368d5435 elementor-widget elementor-widget-text-editor\" data-id=\"368d5435\" data-element_type=\"widget\" data-widget_type=\"text-editor.default\">\n\t\t\t\t<div class=\"elementor-widget-container\">\n\t\t\t\t\t\t\t\t<p><a href=\"https:\/\/www.cotaxi.com.co\/wp-content\/uploads\/2024\/01\/oficinas_cotaxi.pdf\" target=\"_blank\" rel=\"noopener\">Oficinas y puntos de atenci\u00f3n<\/a><\/p><p><a href=\"mailto:pqr@cotaxi.com.co\" target=\"_blank\" rel=\"noopener\">Email: pqr@cotaxi.com.co<\/a><\/p><p><a href=\"https:\/\/wa.me\/573125953928?text=Hola\" target=\"_blank\" rel=\"noopener\">Atenci\u00f3n al usuario: 312 5953928<\/a><\/p><p><a href=\"https:\/\/silogcotaxierp.serviciosproductivos.com.co\/Pqr_mod\/pqr_web.php\" target=\"_blank\" rel=\"noopener\">Formulario de PQRS<\/a><\/p>\t\t\t\t\t\t<\/div>\n\t\t\t\t<\/div>\n\t\t\t\t\t<\/div>\n\t\t<\/div>\n\t\t\t\t<div class=\"elementor-column elementor-col-20 elementor-top-column elementor-element elementor-element-6e580f72\" data-id=\"6e580f72\" data-element_type=\"column\">\n\t\t\t<div class=\"elementor-widget-wrap elementor-element-populated\">\n\t\t\t\t\t\t\t\t<div class=\"elementor-element elementor-element-63e0ef76 elementor-widget elementor-widget-heading\" data-id=\"63e0ef76\" data-element_type=\"widget\" data-widget_type=\"heading.default\">\n\t\t\t\t<div class=\"elementor-widget-container\">\n\t\t\t<h5 class=\"elementor-heading-title elementor-size-default\">Formatos y Documentos<\/h5>\t\t<\/div>\n\t\t\t\t<\/div>\n\t\t\t\t<div class=\"elementor-element elementor-element-1689851 elementor-widget elementor-widget-text-editor\" data-id=\"1689851\" data-element_type=\"widget\" data-widget_type=\"text-editor.default\">\n\t\t\t\t<div class=\"elementor-widget-container\">\n\t\t\t\t\t\t\t\t<p><a href=\"https:\/\/erpcotaxi.sitransas.com.co\/registers\" target=\"_blank\" rel=\"noopener\">Registro de clientes<\/a><\/p><p><a href=\"https:\/\/www.cotaxi.com.co\/index.php\/privacy-policy\/\" target=\"_blank\" rel=\"noopener\">Tratamiento de datos<\/a><\/p><p><a href=\"https:\/\/www.cotaxi.com.co\/wp-content\/uploads\/2024\/05\/AUTORIZACION-VIAJE-NINOS-ADOLESCENTES.pdf\" target=\"_blank\" rel=\"noopener\">Autorizaci\u00f3n de viaje para menores de edad<\/a><\/p><p><a href=\"https:\/\/www.cotaxi.com.co\/index.php\/rezagos\/\" target=\"_blank\" rel=\"noopener\">Rezagos<\/a><\/p>\t\t\t\t\t\t<\/div>\n\t\t\t\t<\/div>\n\t\t\t\t\t<\/div>\n\t\t<\/div>\n\t\t\t\t<div class=\"elementor-column elementor-col-20 elementor-top-column elementor-element elementor-element-3e701ba8\" data-id=\"3e701ba8\" data-element_type=\"column\">\n\t\t\t<div class=\"elementor-widget-wrap elementor-element-populated\">\n\t\t\t\t\t\t\t\t<div class=\"elementor-element elementor-element-44405e25 elementor-widget elementor-widget-heading\" data-id=\"44405e25\" data-element_type=\"widget\" data-widget_type=\"heading.default\">\n\t\t\t\t<div class=\"elementor-widget-container\">\n\t\t\t<h5 class=\"elementor-heading-title elementor-size-default\">Pol\u00edticas<\/h5>\t\t<\/div>\n\t\t\t\t<\/div>\n\t\t\t\t<div class=\"elementor-element elementor-element-aaf3dee elementor-widget elementor-widget-text-editor\" data-id=\"aaf3dee\" data-element_type=\"widget\" data-widget_type=\"text-editor.default\">\n\t\t\t\t<div class=\"elementor-widget-container\">\n\t\t\t\t\t\t\t\t<p><a href=\"https:\/\/www.cotaxi.com.co\/wp-content\/uploads\/2025\/10\/CONTRATO_TRANSPORTE_PASAJEROS.pdf\" target=\"_blank\" rel=\"noopener\">Contrato de transporte<\/a><\/p><p><a href=\"https:\/\/www.cotaxi.com.co\/wp-content\/uploads\/2025\/08\/PO-RAN-01-Politica-de-transporte-de-mascotas-REV.pdf\" target=\"_blank\" rel=\"noopener\">Pol\u00edtica transporte de mascotas<\/a><\/p><p><a href=\"https:\/\/www.cotaxi.com.co\/wp-content\/uploads\/2025\/08\/PO-RAN-02-Politica-y-recomendaciones-para-transporte-de-menores-de-edad-REV.pdf\" target=\"_blank\" rel=\"noopener\">Pol\u00edtica transporte menores de edad<\/a><\/p><p><a href=\"https:\/\/www.cotaxi.com.co\/wp-content\/uploads\/2025\/10\/POLITICA-DEL-SGI.pdf\" target=\"_blank\" rel=\"noopener\">Pol\u00edtica de calidad<\/a><\/p>\t\t\t\t\t\t<\/div>\n\t\t\t\t<\/div>\n\t\t\t\t\t<\/div>\n\t\t<\/div>\n\t\t\t\t\t\t\t<\/div>\n\t\t<\/section>\n\t\t\t\t\t\t<\/div>\n\t\t\t\t\t<\/div>\n\t\t","protected":false},"excerpt":{"rendered":"<p>Estaci\u00f3n de Servicio San Carlos Combustible de calidad, atenci\u00f3n r\u00e1pida y precios justos. \u00a1Llega, carga y sigue tu ruta con COTAXI EDS San Carlos! En la Estaci\u00f3n de Servicio SAN CARLOS ofrecemos gasolina corriente, ACPM y UREA, \u00a0garantizando calidad, seguridad y servicio r\u00e1pido. Estamos ubicados estrat\u00e9gicamente para atender a veh\u00edculos particulares, tractomulas, camiones, transporte p\u00fablico, &hellip;<\/p>\n<p class=\"read-more\"> <a class=\"\" href=\"https:\/\/www.cotaxi.com.co\/index.php\/eds-san-carlos\/\"> <span class=\"screen-reader-text\">EDS San Carlos<\/span> Leer m\u00e1s &raquo;<\/a><\/p>\n","protected":false},"author":3,"featured_media":0,"parent":0,"menu_order":0,"comment_status":"closed","ping_status":"closed","template":"","meta":[],"_links":{"self":[{"href":"https:\/\/www.cotaxi.com.co\/index.php\/wp-json\/wp\/v2\/pages\/2696"}],"collection":[{"href":"https:\/\/www.cotaxi.com.co\/index.php\/wp-json\/wp\/v2\/pages"}],"about":[{"href":"https:\/\/www.cotaxi.com.co\/index.php\/wp-json\/wp\/v2\/types\/page"}],"author":[{"embeddable":true,"href":"https:\/\/www.cotaxi.com.co\/index.php\/wp-json\/wp\/v2\/users\/3"}],"replies":[{"embeddable":true,"href":"https:\/\/www.cotaxi.com.co\/index.php\/wp-json\/wp\/v2\/comments?post=2696"}],"version-history":[{"count":20,"href":"https:\/\/www.cotaxi.com.co\/index.php\/wp-json\/wp\/v2\/pages\/2696\/revisions"}],"predecessor-version":[{"id":2999,"href":"https:\/\/www.cotaxi.com.co\/index.php\/wp-json\/wp\/v2\/pages\/2696\/revisions\/2999"}],"wp:attachment":[{"href":"https:\/\/www.cotaxi.com.co\/index.php\/wp-json\/wp\/v2\/media?parent=2696"}],"curies":[{"name":"wp","href":"https:\/\/api.w.org\/{rel}","templated":true}]}}